{"id":8533,"date":"2021-10-14T14:03:30","date_gmt":"2021-10-14T19:03:30","guid":{"rendered":"http:\/\/nonamepublicidad.com\/?post_type=product&#038;p=8533"},"modified":"2024-12-02T08:49:23","modified_gmt":"2024-12-02T13:49:23","slug":"cornesha-tours-oxapampa-peru","status":"publish","type":"product","link":"https:\/\/nonamepublicidad.com\/en\/product\/cornesha-tours-oxapampa-peru\/","title":{"rendered":"Cornesha Tours Oxapampa Per\u00fa"},"content":{"rendered":"<p><strong>CIRCUITO TURISTICO CHONTABAMBA<\/strong><\/p>\n<p>El circuito tur\u00edstico de Chontabamba es uno de los m\u00e1s visitados en la provincia de Oxapampa. Se caracteriza por tener una de las campi\u00f1as m\u00e1s pintorescas; acompa\u00f1adas de la exuberante belleza de la ceja de selva. Que ofrece la posibilidad de efectuar actividades al aire libre, como montar a caballo, hacer canopy entre otras actividades.<\/p>\n<p>FLORALP<\/p>\n<p>Peque\u00f1a f\u00e1brica dedicada a la elaboraci\u00f3n de productos l\u00e1cteos con la tradici\u00f3n suiza que viene funcionando desde el a\u00f1o 1997, donde se puede degustar una gran variedad de quesos, yogurts y mangares. Como tambi\u00e9n se puede apreciar la elaboraci\u00f3n de dichos productos.<\/p>\n<p>TUNKY CUEVA<\/p>\n<p>Caverna descubierta hace m\u00e1s de 100 a\u00f1os. Hasta no hace mucho tiempo constitu\u00eda el h\u00e1bitat de los gallitos de las rocas. Dentro de la cueva se pueden encontrar formaciones de estalactitas de\u00a0\u00a0 peculiares formaciones calc\u00e1reas.<\/p>\n<p>PISCIGRANJA LA CUMBRE<\/p>\n<p>Granja artesanal donde se puede apreciar la crianza de la trucha de raza arco\u00edris que van desde los alevines hasta las truchas adultas de 6 a\u00f1os, se puede participar de las actividades de alimentaci\u00f3n de los mismos. Cuenta con ambientes acogedores para el visitante.<\/p>\n<p>RECREO EL WHARAPO<\/p>\n<p>Hacienda que data desde 1890. Hoy en d\u00eda se dedican a la elaboraci\u00f3n de aguardiente, miel de ca\u00f1a, como tambi\u00e9n la elaboraci\u00f3n de la bebida bandera del distrito de Chontabamba el guarapo. Asimismo, podremos apreciar el proceso artesanal de destilaci\u00f3n de aguardiente.<\/p>\n<p>CITY TOUR DE CHONTABAMBA<\/p>\n<p>En este lugar se encuentran la sede del ayuntamiento, El centro de alto rendimiento de la Regi\u00f3n\u00a0\u00a0 Pasco \u201cCOAR\u201d. DISFRUTAREMOS DE SU SIMPATICA PLAZITA DE ARMAS, como tambi\u00e9n de la iglesia de San Pedro y San Pablo.<\/p>\n<p>&nbsp;<\/p>\n<p><strong>CIRCUITO CATARATA R\u00cdO TIGRE<\/strong><\/p>\n<p>Al sur este de Oxapampa a tan solo veinte minutos rodeado de monta\u00f1as iremos apreciando las zonas de expansi\u00f3n urbana de mayor cotizaci\u00f3n, fundos agr\u00edcolas y ganaderos como tambi\u00e9n uno de sus principales atractivos la catarata del rio tigre.<\/p>\n<p>BARRI\u00d3 MIRAFLORES<\/p>\n<p>Visita a la iglesia de San Francisco de As\u00eds y visualizaremos diferentes casas t\u00edpicas al estilo austro-alem\u00e1n hechos totalmente de madera.<\/p>\n<p>GRUTA LA VIRGEN<\/p>\n<p>Ubicada en el sector de Cantariz\u00fa. Donde se puede apreciar a una peque\u00f1a gruta del cual brota una naciente de agua pura y cristalina en la que seg\u00fan la creencia de los pobladores locales se puede observar la imagen de la virgen de la Inmaculada Concepci\u00f3n.<\/p>\n<p>CATARATA R\u00cdO TIGRE<\/p>\n<p>Exuberante ca\u00edda de agua rodeada de una naturaleza encantadora y ecl\u00e9cticos paisajes con pozas naturales para su disfrute y m\u00e1xima diversi\u00f3n.<\/p>\n<p>&nbsp;<\/p>\n<p><strong>CORREDOR TURISTICO POZUZO<\/strong><\/p>\n<p>Uno de los tours m\u00e1s concurridos por los turistas porque nos lleva la \u00fanica colonia austro-alemana en el mundo, en su recorrido se atraviesa la zona n\u00facleo de la Reserva de Biosfera Oxapampa Ash\u00e1ninca Yanesha.<\/p>\n<p>PLAZA HUANCABAMBA<\/p>\n<p>Huancambamba primera capital de Oxapampa, m\u00e1s reconocido como la tierra de la granadilla city tours.<\/p>\n<p>CATARATA RAYANTAMBO<\/p>\n<p>Es parte de los atractivos tur\u00edsticos que el viajero puede hallar con su esplendor belleza.<\/p>\n<p>CATARATA TORREBAMBA<\/p>\n<p>Es parte de los innumerables atractivos tur\u00edsticos, que el viajero puede hallar. El nombre que presenta este recurso tur\u00edstico de Pozuzo se debe a la quebrada hom\u00f3nima en la que se encuentra.<\/p>\n<p>CASACADA YULI TUNKI<\/p>\n<p>Peque\u00f1a ca\u00edda de agua de color turquesa que encanta e invita a retratarse a los visitantes. Con un paisaje que nos da una experiencia \u00fanica.<\/p>\n<p>PORTAL DE INGRESO A POZUZO<\/p>\n<p>Portal en el que se puede apreciar la forma arquitect\u00f3nica de construcci\u00f3n de las casas t\u00edpicas como tambi\u00e9n mensajes de bienvenida en alem\u00e1n y espa\u00f1ol.<\/p>\n<p>PLAZA DE POZUZO<\/p>\n<p>Parque tem\u00e1tico que muestra los elementos m\u00e1s representativos de la historia y cultura pozucina donde podemos apreciar la r\u00e9plica del barco Norton.<\/p>\n<p>MUSEO SCHAFFERER<\/p>\n<p>En este museo encontramos una gran variedad de objetos antiguos como tambi\u00e9n productos que utilizaban los antiguos pobladores; como tambi\u00e9n mapas, reliquias y documentos relacionados con su historia.<\/p>\n<p>CEMENTERIO LOS COLONOS<\/p>\n<p>Un espacio de descanso y reconocimiento a los colonos fundadores de Pozuzo donde podemos conocer los nombres de los fundadores de Pozuzo.<\/p>\n<p>PLANTA DE CERVEZA<\/p>\n<p>Esta es una peque\u00f1a f\u00e1brica de cerveza artesanal elaborada por descendientes austro alemanes donde se puede apreciar la Planta y el proceso elaboraci\u00f3n y por superpuesto degustar una DORCHER al polo.<\/p>\n<p>PUENTE COLGANTE EMPERADOR GILLERMO I<\/p>\n<p>Es una v\u00eda de comunicaci\u00f3n muy antigua que fue construida para que se pueda comunicar con la zona de guacamayo con el centro de Pozuzo, su construcci\u00f3n se remonta a 1914 disfrutar de la naturaleza y ba\u00f1arnos por un espacio que el cuerpo y el tiempo lo permita.<\/p>\n<p>BARRIO PRUSIA<\/p>\n<p>En este lugar se puede disfrutar de paz y tranquilidad, se caracteriza por sus casas de un definido estilo arquitect\u00f3nico y una catedral que muchas ciudades quisieran tener.<\/p>\n<p>LAS POZAS DE GUACAMAYO<\/p>\n<p>Pozas naturales donde podr\u00e1n ver todo el encanto paisaj\u00edstico y sobre todo meterse un refrescante chapuz\u00f3n.<\/p>\n<p>&nbsp;<\/p>\n<p><strong>CORREDOR TURISTICO VILLA RICA<\/strong><\/p>\n<p>Tierra encantadora m\u00e1s conocido como la ruta del caf\u00e9, comprende diversos atractivos tur\u00edsticos en el \u00e1mbito de Villa Rica. Este pujante distrito ostenta reconocimientos internacionales de producir los granos de caf\u00e9 m\u00e1s finos del mundo.<\/p>\n<p>BOSQUE SHOLLET<\/p>\n<p>Es un bosque de protecci\u00f3n municipal que abarca una extensi\u00f3n aproximada de 10,000 hect\u00e1reas, cuya importancia radica en ser una de las principales fuentes de aprovisionamiento h\u00eddrico para los distritos de Oxapampa y Villa Rica. Predominantemente cuenta con bosques achaparrados y peque\u00f1as lagunas que tienen un origen m\u00edstico.<\/p>\n<p>CITY TOUR VILLA RICA<\/p>\n<p>Conoceremos la plaza de armas donde veremos la cafetera m\u00e1s grande del mundo, la iglesia nuestra se\u00f1ora del rosario y visita alrededor de la plaza.<\/p>\n<p>CATA DE CAF\u00c9 \u201cLABORATORIOS MOALI\u201d.<\/p>\n<p>Experiencia de degustaci\u00f3n de caf\u00e9 que nos permitir\u00e1 conocer un poco sobre la cultura cafetera. Laboratorios Moali en una empresa especializada en trillado y selecci\u00f3n de granos, diagn\u00f3stico de perfil de taza, tueste seg\u00fan el mejor perfil y envasado.<\/p>\n<p>LAGUNA OCONAL<\/p>\n<p>Humedal de suma importancia por ser h\u00e1bitat de aves acu\u00e1ticas; tiene una extensi\u00f3n de 200 hect\u00e1reas, en donde podremos realizar paseos en bote para observar aves migratorias y propias del lugar, asimismo tendremos la oportunidad de experimentar sesiones de ictioterapia con peces llamados \u201cGarra Rufa\u201d limpian y exfolian las c\u00e9lulas muertas de la piel de los pies.<\/p>\n<p>FINCA SANTA ROSA<\/p>\n<p>Fascinante experiencia de turismo alternativo. Finca ubicada a minutos de la ciudad de villa rica, donde conoceremos los procesos de producci\u00f3n del caf\u00e9 y la floricultura guiados por sus propietarios. Cuenta con instalaciones para atenci\u00f3n al cliente.<\/p>\n<p>CASACADA LE\u00d3N<\/p>\n<p>A solo 15 min de la plaza principal hermosas ca\u00eddas de agua, en donde tendremos un momento de relax para disfrutar de la naturaleza y de un refrescaste chapuz\u00f3n; escudri\u00f1ando en el lugar usted tendr\u00e1 el reto de descubrir el porqu\u00e9 del nombre de cascadas le\u00f3n.<\/p>\n<p>MIRADOR DE VILLA RICA<\/p>\n<p>Un lugar desde el cual puede contemplar el paisaje urbano del distrito cafetero y la majestuosidad del mismo, una oportunidad para recrear su vista y tomar fotograf\u00edas.<\/p>\n<p>&nbsp;<\/p>\n<p><strong>CORREDOR TURISTICO PERENE<\/strong><\/p>\n<p>Denominado as\u00ed porque la mayor\u00eda de sus atractivos tur\u00edsticos se encuentran en ambas m\u00e1rgenes del impetuoso y serpenteante r\u00edo Perene. Todo el \u00e1mbito de este corredor se encuentra Ubicado en una zona muy c\u00e1lida. Nos espera naturaleza viva, visita a comunidades nativas ash\u00e1ninkas, bulliciosas cataratas y singulares ca\u00eddas de agua.<\/p>\n<p>SHAVETA YARD<\/p>\n<p>Centro experimental de crianza mariposas; tambi\u00e9n se constituye como un centro recreativo y educativo en distintos temas concernientes a la flora y fauna.<\/p>\n<p>PUENTE QUIMIRI<\/p>\n<p>Hist\u00f3rico lugar escenario de enfrentamientos entre nativos y misioneros. Este lugar es el primer poblado que fundan los misioneros en Chanchamayo \u201dSan Juan Buenaventura de Quimiri\u201d. Infraestructura vial construida en 1905 que al d\u00eda hoy comunica con las chacras productoras mayormente de c\u00edtricos y pi\u00f1as.<\/p>\n<p>COMUNIDAD NATIVA DE MANANQUIARI<\/p>\n<p>Poblado ash\u00e1ninca. Predominante cultura en la selva central nos recibe con canticos y bailes t\u00edpicos que despertar\u00e1 nuestro asombro y admiraci\u00f3n; que nos permitir\u00e1 establecer lazos de confianza y entendimiento.<\/p>\n<p>PASEO EN BOTE<\/p>\n<p>Alegre recorrido por las aguas del r\u00edo Perene.<\/p>\n<p>CATARATA BAYOZ<\/p>\n<p>Ca\u00edda de agua de una fuerza y hermosura \u00fanica de unos 110 metros de altura, consagrado como un espacio de aventura y emociones.<\/p>\n<p>CATARATA VELO DE NOVIA<\/p>\n<p>Este lugar se ha convertido en un verdadero referente del turismo regional. El nombre proviene de la semejanza al velo de una novia gigante.<\/p>\n<p>&nbsp;<\/p>\n<p><strong>PARQUE YANACHAGA CHEMILLEN<\/strong><\/p>\n<p>Ubicado a una hora de la ciudad de Oxapampa se encuentra una de los puntos de ingreso al parque nacional Yanachaga Chemillen. El sector de san Alberto donde se puede observar una gran variedad de flora y fauna silvestre ubicada a una altitud de 2040 m.s.n.m. donde el principal atractivo que posee son los bosques de neblina.<\/p>\n<p>SECTOR SAN ALBERTO<\/p>\n<p>Tracking de medio d\u00eda apreciando ecosistemas representativos de selva alta.<\/p>\n<p>Avistamiento de aves.<\/p>","protected":false},"excerpt":{"rendered":"<p>Somos una agencia de viajes con amplia experiencia en este competitivo mercado, prestando servicios de asesoramiento y planificaci\u00f3n de viajes. Contamos con una extensa red de contactos que nos ayudan a proporcionarle el servicio que usted busca.<\/p>\n<p>Los invitamos a conocer m\u00e1s sobre nuestros paquetes y servicios\u2026<\/p>\n<p>Nuestro centro de operaciones es Oxapampa cuya capital es la ciudad del mismo nombre. En el a\u00f1o 2010 fuimos reconocidos por UNESCO como \u201cReserva De Biosfera Oxapampa Ashanika Yanesha\u201d. Un lugar de excelencia para visitar y vivir; un pueblo abierto al mundo.<\/p>\n<p>Facebook: <a href=\"https:\/\/www.facebook.com\/corneshatours\" target=\"_blank\" rel=\"noopener\">Cornesha Tours<\/a><\/p>\n<p>Imagen referencial<\/p>\n<p>Consultas al: <a href=\"tel:+51914184961\">(+51) 914184961<\/a><\/p>\n<div class=\"nta_wa_button\" data-id=\"14280\" data-info=\"{&quot;name&quot;:&quot;Cornesha Tours Oxapampa Per\\u00fa&quot;,&quot;info&quot;:{&quot;number&quot;:&quot;+51914184961&quot;,&quot;title&quot;:&quot;Cornesha Tours Oxapampa Per\\u00fa | Tienda&quot;,&quot;predefinedText&quot;:&quot;Hola Cornesha Tours. Me gustar\\u00eda m\\u00e1s informaci\\u00f3n de [njwa_page_title] Este es el link [njwa_page_url]&quot;,&quot;willBeBackText&quot;:&quot;I will be back in [njwa_time_work]&quot;,&quot;dayOffsText&quot;:&quot;I will be back soon&quot;,&quot;isAlwaysAvailable&quot;:&quot;ON&quot;,&quot;daysOfWeekWorking&quot;:{&quot;sunday&quot;:{&quot;isWorkingOnDay&quot;:&quot;OFF&quot;,&quot;workHours&quot;:[{&quot;startTime&quot;:&quot;08:00&quot;,&quot;endTime&quot;:&quot;17:30&quot;}]},&quot;monday&quot;:{&quot;isWorkingOnDay&quot;:&quot;OFF&quot;,&quot;workHours&quot;:[{&quot;startTime&quot;:&quot;08:00&quot;,&quot;endTime&quot;:&quot;17:30&quot;}]},&quot;tuesday&quot;:{&quot;isWorkingOnDay&quot;:&quot;OFF&quot;,&quot;workHours&quot;:[{&quot;startTime&quot;:&quot;08:00&quot;,&quot;endTime&quot;:&quot;17:30&quot;}]},&quot;wednesday&quot;:{&quot;isWorkingOnDay&quot;:&quot;OFF&quot;,&quot;workHours&quot;:[{&quot;startTime&quot;:&quot;08:00&quot;,&quot;endTime&quot;:&quot;17:30&quot;}]},&quot;thursday&quot;:{&quot;isWorkingOnDay&quot;:&quot;OFF&quot;,&quot;workHours&quot;:[{&quot;startTime&quot;:&quot;08:00&quot;,&quot;endTime&quot;:&quot;17:30&quot;}]},&quot;friday&quot;:{&quot;isWorkingOnDay&quot;:&quot;OFF&quot;,&quot;workHours&quot;:[{&quot;startTime&quot;:&quot;08:00&quot;,&quot;endTime&quot;:&quot;17:30&quot;}]},&quot;saturday&quot;:{&quot;isWorkingOnDay&quot;:&quot;OFF&quot;,&quot;workHours&quot;:[{&quot;startTime&quot;:&quot;08:00&quot;,&quot;endTime&quot;:&quot;17:30&quot;}]}}},&quot;styles&quot;:{&quot;type&quot;:&quot;round&quot;,&quot;backgroundColor&quot;:&quot;#2DB742&quot;,&quot;textColor&quot;:&quot;#fff&quot;,&quot;label&quot;:&quot;Necesitas ayuda? Hablemos&quot;,&quot;width&quot;:300,&quot;height&quot;:64},&quot;avatar&quot;:&quot;https:\\\/\\\/nonamepublicidad.com\\\/wp-content\\\/uploads\\\/2021\\\/10\\\/cornesha_tours_oxapampa_01.jpg&quot;,&quot;options&quot;:{&quot;display&quot;:{&quot;displayCondition&quot;:&quot;showAllPage&quot;,&quot;includePages&quot;:[],&quot;excludePages&quot;:[],&quot;includePosts&quot;:[],&quot;showOnDesktop&quot;:&quot;ON&quot;,&quot;showOnMobile&quot;:&quot;ON&quot;,&quot;time_symbols&quot;:&quot;h:m&quot;},&quot;styles&quot;:{&quot;title&quot;:&quot;Start a Conversation&quot;,&quot;responseText&quot;:&quot;The team typically replies in a few minutes.&quot;,&quot;description&quot;:&quot;Hi! Click one of our member below to chat on &lt;strong&gt;WhatsApp&lt;\\\/strong&gt;&quot;,&quot;backgroundColor&quot;:&quot;#2db742&quot;,&quot;textColor&quot;:&quot;#fff&quot;,&quot;scrollHeight&quot;:500,&quot;isShowScroll&quot;:&quot;OFF&quot;,&quot;isShowResponseText&quot;:&quot;ON&quot;,&quot;isShowPoweredBy&quot;:&quot;ON&quot;,&quot;btnLabel&quot;:&quot;Need Help? &lt;strong&gt;Chat with us&lt;\\\/strong&gt;&quot;,&quot;btnLabelWidth&quot;:156,&quot;btnPosition&quot;:&quot;right&quot;,&quot;btnLeftDistance&quot;:30,&quot;btnRightDistance&quot;:30,&quot;btnBottomDistance&quot;:30,&quot;isShowBtnLabel&quot;:&quot;ON&quot;,&quot;isShowGDPR&quot;:&quot;OFF&quot;,&quot;gdprContent&quot;:&quot;Please accept our &lt;a href=\\&quot;https:\\\/\\\/ninjateam.org\\\/privacy-policy\\\/\\&quot;&gt;privacy policy&lt;\\\/a&gt; first to start a conversation.&quot;,&quot;widgetType&quot;:&quot;expandable&quot;},&quot;analytics&quot;:{&quot;enabledGoogle&quot;:&quot;OFF&quot;,&quot;enabledFacebook&quot;:&quot;OFF&quot;,&quot;enabledGoogleGA4&quot;:&quot;OFF&quot;}},&quot;gdprStatus&quot;:false,&quot;defaultAvatar&quot;:&quot;https:\\\/\\\/nonamepublicidad.com\\\/wp-content\\\/plugins\\\/whatsapp-for-wordpress\\\/assets\\\/img\\\/whatsapp_logo.svg&quot;}\"><\/div>\n<div style=\"visibility: hidden;\">agencia de turismo, turismo, tour, tours, viajes, selva, delva central, peru, oxapampa, oxa, circuito tur\u00edstico, chontabamba, catarata rio tigre, pozuzo, villa rica, perene, parque yanachaga chemillen<\/div>\n","protected":false},"featured_media":8529,"comment_status":"open","ping_status":"closed","template":"","meta":[],"product_brand":[],"product_cat":[166,177],"product_tag":[1586,1597,1596,1595,1594,1601,1600,1593,1598,1591,1592,1588,1589,1587,1590,1599],"class_list":{"0":"post-8533","1":"product","2":"type-product","3":"status-publish","4":"has-post-thumbnail","6":"product_cat-servicios","7":"product_cat-viajes-y-turismo","8":"product_tag-agencia-de-turismo","9":"product_tag-catarata-rio-tigre","10":"product_tag-chontabamba","11":"product_tag-circuito-turistico","12":"product_tag-oxapampa","13":"product_tag-parque-yanachaga-chemillen","14":"product_tag-perene","15":"product_tag-peru","16":"product_tag-pozuzo","17":"product_tag-selva","18":"product_tag-selva-central","19":"product_tag-tour","20":"product_tag-tours","21":"product_tag-turismo","22":"product_tag-viajes","23":"product_tag-villa-rica","25":"first","26":"instock","27":"virtual","28":"taxable","29":"product-type-simple"},"_links":{"self":[{"href":"https:\/\/nonamepublicidad.com\/en\/wp-json\/wp\/v2\/product\/8533","targetHints":{"allow":["GET"]}}],"collection":[{"href":"https:\/\/nonamepublicidad.com\/en\/wp-json\/wp\/v2\/product"}],"about":[{"href":"https:\/\/nonamepublicidad.com\/en\/wp-json\/wp\/v2\/types\/product"}],"replies":[{"embeddable":true,"href":"https:\/\/nonamepublicidad.com\/en\/wp-json\/wp\/v2\/comments?post=8533"}],"version-history":[{"count":0,"href":"https:\/\/nonamepublicidad.com\/en\/wp-json\/wp\/v2\/product\/8533\/revisions"}],"wp:featuredmedia":[{"embeddable":true,"href":"https:\/\/nonamepublicidad.com\/en\/wp-json\/wp\/v2\/media\/8529"}],"wp:attachment":[{"href":"https:\/\/nonamepublicidad.com\/en\/wp-json\/wp\/v2\/media?parent=8533"}],"wp:term":[{"taxonomy":"product_brand","embeddable":true,"href":"https:\/\/nonamepublicidad.com\/en\/wp-json\/wp\/v2\/product_brand?post=8533"},{"taxonomy":"product_cat","embeddable":true,"href":"https:\/\/nonamepublicidad.com\/en\/wp-json\/wp\/v2\/product_cat?post=8533"},{"taxonomy":"product_tag","embeddable":true,"href":"https:\/\/nonamepublicidad.com\/en\/wp-json\/wp\/v2\/product_tag?post=8533"}],"curies":[{"name":"wp","href":"https:\/\/api.w.org\/{rel}","templated":true}]}}