{"id":8593,"date":"2021-10-20T10:53:13","date_gmt":"2021-10-20T15:53:13","guid":{"rendered":"http:\/\/nonamepublicidad.com\/?post_type=product&#038;p=8593"},"modified":"2024-12-02T08:49:23","modified_gmt":"2024-12-02T13:49:23","slug":"pulsera-y-collares-artesanales-de-la-comunidad-nativa-de-tsachopen","status":"publish","type":"product","link":"https:\/\/nonamepublicidad.com\/en\/product\/pulsera-y-collares-artesanales-de-la-comunidad-nativa-de-tsachopen\/","title":{"rendered":"Pulsera y Collares Artesanales de la Comunidad Nativa de Tsachop\u00e9n"},"content":{"rendered":"<p>La Comunidad Nativa Tsachop\u00e9n del pueblo Yanesha en el distrito de Chontabamba en la provincia de Oxapampa y est\u00e1 a apenas 6 km de la plaza de Oxapampa es decir a 8 horas de Lima aproximadamente.<\/p>\n<p>Debido a la belleza de la selva central y gracias a una original y variada oferta de actividades que esta comunidad nativa propone en el marco del turismo rural comunitario, la visita a la Comunidad Nativa Tsachop\u00e9n se est\u00e1 incrementando.<\/p>\n<p>El arte tradicional desarrollado en base a algod\u00f3n nativo te\u00f1ido con plantas tint\u00f3reas, es uno de los principales atractivos en lo que se refiere a producci\u00f3n artesanal.<\/p>\n<p>Para la comercializaci\u00f3n de su arte tradicional, los artesanos de la Comunidad Nativa Tsachop\u00e9n se han organizado en la Asociaci\u00f3n de Artesanos Champe.<\/p>","protected":false},"excerpt":{"rendered":"<p>Pulseras y collares elaboradas con mostacillas, tejida a mano con dise\u00f1o Yanesha.<\/p>\n<p>El pueblo Shipibo-Yanesha destaca por su capacidad para representar a trav\u00e9s del arte su cosmovisi\u00f3n y su relaci\u00f3n con su entorno, ya sea a trav\u00e9s de la pintura tradicional, la textiler\u00eda, el bordado, la joyer\u00eda e, inclusive, la cer\u00e1mica. Los dise\u00f1os Yanesha dan cuenta la manera de conocer y sentir el mundo de este pueblo nativo.<\/p>\n<p>Elaborado por los artesanos de la Comunidad Nativa Tsachop\u00e9n.<\/p>\n<p>Direcci\u00f3n: Comunidad Nativa Tsachop\u00e9n, Sector Miraflores Chontabamba, Oxapampa, Pasco.<\/p>\n<p>Contacto: Erna Eva G\u00f3mez Ortiz \/ Vicente Soto Colina<\/p>\n<p>Facebook: <a href=\"https:\/\/www.facebook.com\/Comunidad-Nativa-Tsachopen-Oxapampa-988131778051547\" target=\"_blank\" rel=\"noopener\">Comunidad Nativa Tsachop\u00e9n<\/a><\/p>\n<p>Correo: <a href=\"mailto:evalexandra2016@gmail.com\" target=\"_blank\" rel=\"noopener\">evalexandra2016@gmail.com<\/a><\/p>\n<ul>\n<li>Imagen referencial<\/li>\n<\/ul>\n<p>Consultas al: <a href=\"tel:51989342579\">(+51) 989342579<\/a><\/p>\n<p>Consultas al: <a href=\"tel:51948118828\">(+51) 948118828<\/a><\/p>\n<div class=\"nta_wa_button\" data-id=\"14276\" data-info=\"{&quot;name&quot;:&quot;Comunidad Nativa Tsachop\\u00e9n 1&quot;,&quot;info&quot;:{&quot;number&quot;:&quot;+51989342579&quot;,&quot;title&quot;:&quot;Comunidad Nativa Tsachop\\u00e9n | Tienda&quot;,&quot;predefinedText&quot;:&quot;Hola Eva G\\u00f3mez. Me gustar\\u00eda m\\u00e1s informaci\\u00f3n de [njwa_page_title] Este es el link [njwa_page_url]&quot;,&quot;willBeBackText&quot;:&quot;I will be back in [njwa_time_work]&quot;,&quot;dayOffsText&quot;:&quot;I will be back soon&quot;,&quot;isAlwaysAvailable&quot;:&quot;ON&quot;,&quot;daysOfWeekWorking&quot;:{&quot;sunday&quot;:{&quot;isWorkingOnDay&quot;:&quot;OFF&quot;,&quot;workHours&quot;:[{&quot;startTime&quot;:&quot;08:00&quot;,&quot;endTime&quot;:&quot;17:30&quot;}]},&quot;monday&quot;:{&quot;isWorkingOnDay&quot;:&quot;OFF&quot;,&quot;workHours&quot;:[{&quot;startTime&quot;:&quot;08:00&quot;,&quot;endTime&quot;:&quot;17:30&quot;}]},&quot;tuesday&quot;:{&quot;isWorkingOnDay&quot;:&quot;OFF&quot;,&quot;workHours&quot;:[{&quot;startTime&quot;:&quot;08:00&quot;,&quot;endTime&quot;:&quot;17:30&quot;}]},&quot;wednesday&quot;:{&quot;isWorkingOnDay&quot;:&quot;OFF&quot;,&quot;workHours&quot;:[{&quot;startTime&quot;:&quot;08:00&quot;,&quot;endTime&quot;:&quot;17:30&quot;}]},&quot;thursday&quot;:{&quot;isWorkingOnDay&quot;:&quot;OFF&quot;,&quot;workHours&quot;:[{&quot;startTime&quot;:&quot;08:00&quot;,&quot;endTime&quot;:&quot;17:30&quot;}]},&quot;friday&quot;:{&quot;isWorkingOnDay&quot;:&quot;OFF&quot;,&quot;workHours&quot;:[{&quot;startTime&quot;:&quot;08:00&quot;,&quot;endTime&quot;:&quot;17:30&quot;}]},&quot;saturday&quot;:{&quot;isWorkingOnDay&quot;:&quot;OFF&quot;,&quot;workHours&quot;:[{&quot;startTime&quot;:&quot;08:00&quot;,&quot;endTime&quot;:&quot;17:30&quot;}]}}},&quot;styles&quot;:{&quot;type&quot;:&quot;round&quot;,&quot;backgroundColor&quot;:&quot;#2DB742&quot;,&quot;textColor&quot;:&quot;#fff&quot;,&quot;label&quot;:&quot;Necesitas ayuda? Hablemos&quot;,&quot;width&quot;:300,&quot;height&quot;:64},&quot;avatar&quot;:&quot;https:\\\/\\\/nonamepublicidad.com\\\/wp-content\\\/uploads\\\/2021\\\/10\\\/pulsera_y_collares_artesanales_de_la_comunidad_nativa_de_tsachopen_03.jpg&quot;,&quot;options&quot;:{&quot;display&quot;:{&quot;displayCondition&quot;:&quot;showAllPage&quot;,&quot;includePages&quot;:[],&quot;excludePages&quot;:[],&quot;includePosts&quot;:[],&quot;showOnDesktop&quot;:&quot;ON&quot;,&quot;showOnMobile&quot;:&quot;ON&quot;,&quot;time_symbols&quot;:&quot;h:m&quot;},&quot;styles&quot;:{&quot;title&quot;:&quot;Start a Conversation&quot;,&quot;responseText&quot;:&quot;The team typically replies in a few minutes.&quot;,&quot;description&quot;:&quot;Hi! Click one of our member below to chat on &lt;strong&gt;WhatsApp&lt;\\\/strong&gt;&quot;,&quot;backgroundColor&quot;:&quot;#2db742&quot;,&quot;textColor&quot;:&quot;#fff&quot;,&quot;scrollHeight&quot;:500,&quot;isShowScroll&quot;:&quot;OFF&quot;,&quot;isShowResponseText&quot;:&quot;ON&quot;,&quot;isShowPoweredBy&quot;:&quot;ON&quot;,&quot;btnLabel&quot;:&quot;Need Help? &lt;strong&gt;Chat with us&lt;\\\/strong&gt;&quot;,&quot;btnLabelWidth&quot;:156,&quot;btnPosition&quot;:&quot;right&quot;,&quot;btnLeftDistance&quot;:30,&quot;btnRightDistance&quot;:30,&quot;btnBottomDistance&quot;:30,&quot;isShowBtnLabel&quot;:&quot;ON&quot;,&quot;isShowGDPR&quot;:&quot;OFF&quot;,&quot;gdprContent&quot;:&quot;Please accept our &lt;a href=\\&quot;https:\\\/\\\/ninjateam.org\\\/privacy-policy\\\/\\&quot;&gt;privacy policy&lt;\\\/a&gt; first to start a conversation.&quot;,&quot;widgetType&quot;:&quot;expandable&quot;},&quot;analytics&quot;:{&quot;enabledGoogle&quot;:&quot;OFF&quot;,&quot;enabledFacebook&quot;:&quot;OFF&quot;,&quot;enabledGoogleGA4&quot;:&quot;OFF&quot;}},&quot;gdprStatus&quot;:false,&quot;defaultAvatar&quot;:&quot;https:\\\/\\\/nonamepublicidad.com\\\/wp-content\\\/plugins\\\/whatsapp-for-wordpress\\\/assets\\\/img\\\/whatsapp_logo.svg&quot;}\"><\/div>\n<div class=\"nta_wa_button\" data-id=\"14277\" data-info=\"{&quot;name&quot;:&quot;Comunidad Nativa Tsachop\\u00e9n 2&quot;,&quot;info&quot;:{&quot;number&quot;:&quot;+51948118828&quot;,&quot;title&quot;:&quot;Comunidad Nativa Tsachop\\u00e9n | Tienda&quot;,&quot;predefinedText&quot;:&quot;Hola Eva G\\u00f3mez. Me gustar\\u00eda m\\u00e1s informaci\\u00f3n de [njwa_page_title] Este es el link [njwa_page_url]&quot;,&quot;willBeBackText&quot;:&quot;I will be back in [njwa_time_work]&quot;,&quot;dayOffsText&quot;:&quot;I will be back soon&quot;,&quot;isAlwaysAvailable&quot;:&quot;ON&quot;,&quot;daysOfWeekWorking&quot;:{&quot;sunday&quot;:{&quot;isWorkingOnDay&quot;:&quot;OFF&quot;,&quot;workHours&quot;:[{&quot;startTime&quot;:&quot;08:00&quot;,&quot;endTime&quot;:&quot;17:30&quot;}]},&quot;monday&quot;:{&quot;isWorkingOnDay&quot;:&quot;OFF&quot;,&quot;workHours&quot;:[{&quot;startTime&quot;:&quot;08:00&quot;,&quot;endTime&quot;:&quot;17:30&quot;}]},&quot;tuesday&quot;:{&quot;isWorkingOnDay&quot;:&quot;OFF&quot;,&quot;workHours&quot;:[{&quot;startTime&quot;:&quot;08:00&quot;,&quot;endTime&quot;:&quot;17:30&quot;}]},&quot;wednesday&quot;:{&quot;isWorkingOnDay&quot;:&quot;OFF&quot;,&quot;workHours&quot;:[{&quot;startTime&quot;:&quot;08:00&quot;,&quot;endTime&quot;:&quot;17:30&quot;}]},&quot;thursday&quot;:{&quot;isWorkingOnDay&quot;:&quot;OFF&quot;,&quot;workHours&quot;:[{&quot;startTime&quot;:&quot;08:00&quot;,&quot;endTime&quot;:&quot;17:30&quot;}]},&quot;friday&quot;:{&quot;isWorkingOnDay&quot;:&quot;OFF&quot;,&quot;workHours&quot;:[{&quot;startTime&quot;:&quot;08:00&quot;,&quot;endTime&quot;:&quot;17:30&quot;}]},&quot;saturday&quot;:{&quot;isWorkingOnDay&quot;:&quot;OFF&quot;,&quot;workHours&quot;:[{&quot;startTime&quot;:&quot;08:00&quot;,&quot;endTime&quot;:&quot;17:30&quot;}]}}},&quot;styles&quot;:{&quot;type&quot;:&quot;round&quot;,&quot;backgroundColor&quot;:&quot;#2DB742&quot;,&quot;textColor&quot;:&quot;#fff&quot;,&quot;label&quot;:&quot;Necesitas ayuda? Hablemos&quot;,&quot;width&quot;:300,&quot;height&quot;:64},&quot;avatar&quot;:&quot;https:\\\/\\\/nonamepublicidad.com\\\/wp-content\\\/uploads\\\/2021\\\/10\\\/pulsera_y_collares_artesanales_de_la_comunidad_nativa_de_tsachopen_03.jpg&quot;,&quot;options&quot;:{&quot;display&quot;:{&quot;displayCondition&quot;:&quot;showAllPage&quot;,&quot;includePages&quot;:[],&quot;excludePages&quot;:[],&quot;includePosts&quot;:[],&quot;showOnDesktop&quot;:&quot;ON&quot;,&quot;showOnMobile&quot;:&quot;ON&quot;,&quot;time_symbols&quot;:&quot;h:m&quot;},&quot;styles&quot;:{&quot;title&quot;:&quot;Start a Conversation&quot;,&quot;responseText&quot;:&quot;The team typically replies in a few minutes.&quot;,&quot;description&quot;:&quot;Hi! Click one of our member below to chat on &lt;strong&gt;WhatsApp&lt;\\\/strong&gt;&quot;,&quot;backgroundColor&quot;:&quot;#2db742&quot;,&quot;textColor&quot;:&quot;#fff&quot;,&quot;scrollHeight&quot;:500,&quot;isShowScroll&quot;:&quot;OFF&quot;,&quot;isShowResponseText&quot;:&quot;ON&quot;,&quot;isShowPoweredBy&quot;:&quot;ON&quot;,&quot;btnLabel&quot;:&quot;Need Help? &lt;strong&gt;Chat with us&lt;\\\/strong&gt;&quot;,&quot;btnLabelWidth&quot;:156,&quot;btnPosition&quot;:&quot;right&quot;,&quot;btnLeftDistance&quot;:30,&quot;btnRightDistance&quot;:30,&quot;btnBottomDistance&quot;:30,&quot;isShowBtnLabel&quot;:&quot;ON&quot;,&quot;isShowGDPR&quot;:&quot;OFF&quot;,&quot;gdprContent&quot;:&quot;Please accept our &lt;a href=\\&quot;https:\\\/\\\/ninjateam.org\\\/privacy-policy\\\/\\&quot;&gt;privacy policy&lt;\\\/a&gt; first to start a conversation.&quot;,&quot;widgetType&quot;:&quot;expandable&quot;},&quot;analytics&quot;:{&quot;enabledGoogle&quot;:&quot;OFF&quot;,&quot;enabledFacebook&quot;:&quot;OFF&quot;,&quot;enabledGoogleGA4&quot;:&quot;OFF&quot;}},&quot;gdprStatus&quot;:false,&quot;defaultAvatar&quot;:&quot;https:\\\/\\\/nonamepublicidad.com\\\/wp-content\\\/plugins\\\/whatsapp-for-wordpress\\\/assets\\\/img\\\/whatsapp_logo.svg&quot;}\"><\/div>\n<div style=\"visibility: hidden;\">artesania, pulsera, pulseras, collar, collares, pendiente, pendientes, aretes, joyas artesanales, joyas hechas a mano, hecho a mano, artesania peruana, joyas peruanas, artesania de peru, bisuteria, joyeria, artesania de la selva, artesania amaz\u00f3nica<\/div>\n","protected":false},"featured_media":8588,"comment_status":"open","ping_status":"closed","template":"","meta":[],"product_brand":[],"product_cat":[482,479],"product_tag":[1613,1607,1622,1621,1618,1616,1619,609,1610,705,1614,1615,1617,1620,1611,1612,1608,1609],"class_list":{"0":"post-8593","1":"product","2":"type-product","3":"status-publish","4":"has-post-thumbnail","6":"product_cat-joyas","7":"product_cat-joyas-y-relojes","8":"product_tag-aretes","9":"product_tag-artesania","10":"product_tag-artesania-amazonica","11":"product_tag-artesania-de-la-selva","12":"product_tag-artesania-de-peru","13":"product_tag-artesania-peruana","14":"product_tag-bisuteria","15":"product_tag-collar","16":"product_tag-collares","17":"product_tag-hecho-a-mano","18":"product_tag-joyas-artesanales","19":"product_tag-joyas-hechas-a-mano","20":"product_tag-joyas-peruanas","21":"product_tag-joyeria","22":"product_tag-pendiente","23":"product_tag-pendientes","24":"product_tag-pulsera","25":"product_tag-pulseras","27":"first","28":"instock","29":"featured","30":"virtual","31":"taxable","32":"product-type-simple"},"_links":{"self":[{"href":"https:\/\/nonamepublicidad.com\/en\/wp-json\/wp\/v2\/product\/8593","targetHints":{"allow":["GET"]}}],"collection":[{"href":"https:\/\/nonamepublicidad.com\/en\/wp-json\/wp\/v2\/product"}],"about":[{"href":"https:\/\/nonamepublicidad.com\/en\/wp-json\/wp\/v2\/types\/product"}],"replies":[{"embeddable":true,"href":"https:\/\/nonamepublicidad.com\/en\/wp-json\/wp\/v2\/comments?post=8593"}],"version-history":[{"count":0,"href":"https:\/\/nonamepublicidad.com\/en\/wp-json\/wp\/v2\/product\/8593\/revisions"}],"wp:featuredmedia":[{"embeddable":true,"href":"https:\/\/nonamepublicidad.com\/en\/wp-json\/wp\/v2\/media\/8588"}],"wp:attachment":[{"href":"https:\/\/nonamepublicidad.com\/en\/wp-json\/wp\/v2\/media?parent=8593"}],"wp:term":[{"taxonomy":"product_brand","embeddable":true,"href":"https:\/\/nonamepublicidad.com\/en\/wp-json\/wp\/v2\/product_brand?post=8593"},{"taxonomy":"product_cat","embeddable":true,"href":"https:\/\/nonamepublicidad.com\/en\/wp-json\/wp\/v2\/product_cat?post=8593"},{"taxonomy":"product_tag","embeddable":true,"href":"https:\/\/nonamepublicidad.com\/en\/wp-json\/wp\/v2\/product_tag?post=8593"}],"curies":[{"name":"wp","href":"https:\/\/api.w.org\/{rel}","templated":true}]}}