{"id":8598,"date":"2021-10-24T00:06:03","date_gmt":"2021-10-24T05:06:03","guid":{"rendered":"http:\/\/nonamepublicidad.com\/?post_type=product&#038;p=8598"},"modified":"2024-12-02T08:49:23","modified_gmt":"2024-12-02T13:49:23","slug":"curso-online-de-lengua-indigena-u-originaria-yanesha-del-peru","status":"publish","type":"product","link":"https:\/\/nonamepublicidad.com\/en\/product\/curso-online-de-lengua-indigena-u-originaria-yanesha-del-peru\/","title":{"rendered":"Curso Online de Lengua Ind\u00edgena u Originaria Yanesha del Per\u00fa"},"content":{"rendered":"<p align=\"center\"><iframe title=\"YouTube video player\" src=\"https:\/\/www.youtube.com\/embed\/E5sDShCCVAM\" width=\"560\" height=\"315\" frameborder=\"0\" allowfullscreen=\"allowfullscreen\"><\/iframe><\/p>\n<p>&nbsp;<\/p>\n<p>El curso tendr\u00e1 una duraci\u00f3n de ocho sesiones y est\u00e1 dirigido a personas mayores de 14 a\u00f1os de edad (sujeto a cambio seg\u00fan contrato).<br \/>\nAlgunos de los temas que se abordar\u00e1n durante las ocho sesiones del curso son lengua y cultura Yanesha, saludos y despedidas cotidianos en lengua Yanesha, presentar y presentarse, pedir y dar informaci\u00f3n, pronombres personales y posesivos, entre otros.<br \/>\nCon este curso se busca que los estudiantes conozcan la cultura y la lengua Yanesha, los t\u00e9rminos de uso cotidiano, la pronunciaci\u00f3n y reconocimiento de algunos sonidos de la lengua, as\u00ed como la construcci\u00f3n de frases y oraciones b\u00e1sicas en Yanesha.<\/p>","protected":false},"excerpt":{"rendered":"<p>El profesor Ruben Santiago ofrece el curso online de lengua ind\u00edgena u originaria Yanesha del Per\u00fa.<\/p>\n<p>Se dictar\u00e1 el curso de Yanesha (originaria de la Selva Central &#8211; Comunidad Nativa Tsachop\u00e9n, Sector Miraflores Chontabamba, Oxapampa, Pasco) mediante Zoom y Facebook Live.<\/p>\n<p>Consultas al: <a href=\"tel:51982470873\">(+51) 982470873<\/a><\/p>\n<div class=\"nta_wa_button\" data-id=\"14274\" data-info=\"{&quot;name&quot;:&quot;Curso Online de Lengua Ind\\u00edgena Yanesha del Per\\u00fa&quot;,&quot;info&quot;:{&quot;number&quot;:&quot;+51982470873&quot;,&quot;title&quot;:&quot;Curso Online de Lengua Ind\\u00edgena Yanesha del Per\\u00fa | Tienda&quot;,&quot;predefinedText&quot;:&quot;Hola Ruben Santiago. Me gustar\\u00eda m\\u00e1s informaci\\u00f3n de [njwa_page_title] Este es el link [njwa_page_url]&quot;,&quot;willBeBackText&quot;:&quot;I will be back in [njwa_time_work]&quot;,&quot;dayOffsText&quot;:&quot;I will be back soon&quot;,&quot;isAlwaysAvailable&quot;:&quot;ON&quot;,&quot;daysOfWeekWorking&quot;:{&quot;sunday&quot;:{&quot;isWorkingOnDay&quot;:&quot;OFF&quot;,&quot;workHours&quot;:[{&quot;startTime&quot;:&quot;08:00&quot;,&quot;endTime&quot;:&quot;17:30&quot;}]},&quot;monday&quot;:{&quot;isWorkingOnDay&quot;:&quot;OFF&quot;,&quot;workHours&quot;:[{&quot;startTime&quot;:&quot;08:00&quot;,&quot;endTime&quot;:&quot;17:30&quot;}]},&quot;tuesday&quot;:{&quot;isWorkingOnDay&quot;:&quot;OFF&quot;,&quot;workHours&quot;:[{&quot;startTime&quot;:&quot;08:00&quot;,&quot;endTime&quot;:&quot;17:30&quot;}]},&quot;wednesday&quot;:{&quot;isWorkingOnDay&quot;:&quot;OFF&quot;,&quot;workHours&quot;:[{&quot;startTime&quot;:&quot;08:00&quot;,&quot;endTime&quot;:&quot;17:30&quot;}]},&quot;thursday&quot;:{&quot;isWorkingOnDay&quot;:&quot;OFF&quot;,&quot;workHours&quot;:[{&quot;startTime&quot;:&quot;08:00&quot;,&quot;endTime&quot;:&quot;17:30&quot;}]},&quot;friday&quot;:{&quot;isWorkingOnDay&quot;:&quot;OFF&quot;,&quot;workHours&quot;:[{&quot;startTime&quot;:&quot;08:00&quot;,&quot;endTime&quot;:&quot;17:30&quot;}]},&quot;saturday&quot;:{&quot;isWorkingOnDay&quot;:&quot;OFF&quot;,&quot;workHours&quot;:[{&quot;startTime&quot;:&quot;08:00&quot;,&quot;endTime&quot;:&quot;17:30&quot;}]}}},&quot;styles&quot;:{&quot;type&quot;:&quot;round&quot;,&quot;backgroundColor&quot;:&quot;#2DB742&quot;,&quot;textColor&quot;:&quot;#fff&quot;,&quot;label&quot;:&quot;Necesitas ayuda? Hablemos&quot;,&quot;width&quot;:300,&quot;height&quot;:64},&quot;avatar&quot;:&quot;https:\\\/\\\/nonamepublicidad.com\\\/wp-content\\\/uploads\\\/2021\\\/10\\\/curso_online_de_lengua_indigena_u_originaria_yanesha_del_peru.jpg&quot;,&quot;options&quot;:{&quot;display&quot;:{&quot;displayCondition&quot;:&quot;showAllPage&quot;,&quot;includePages&quot;:[],&quot;excludePages&quot;:[],&quot;includePosts&quot;:[],&quot;showOnDesktop&quot;:&quot;ON&quot;,&quot;showOnMobile&quot;:&quot;ON&quot;,&quot;time_symbols&quot;:&quot;h:m&quot;},&quot;styles&quot;:{&quot;title&quot;:&quot;Start a Conversation&quot;,&quot;responseText&quot;:&quot;The team typically replies in a few minutes.&quot;,&quot;description&quot;:&quot;Hi! Click one of our member below to chat on &lt;strong&gt;WhatsApp&lt;\\\/strong&gt;&quot;,&quot;backgroundColor&quot;:&quot;#2db742&quot;,&quot;textColor&quot;:&quot;#fff&quot;,&quot;scrollHeight&quot;:500,&quot;isShowScroll&quot;:&quot;OFF&quot;,&quot;isShowResponseText&quot;:&quot;ON&quot;,&quot;isShowPoweredBy&quot;:&quot;ON&quot;,&quot;btnLabel&quot;:&quot;Need Help? &lt;strong&gt;Chat with us&lt;\\\/strong&gt;&quot;,&quot;btnLabelWidth&quot;:156,&quot;btnPosition&quot;:&quot;right&quot;,&quot;btnLeftDistance&quot;:30,&quot;btnRightDistance&quot;:30,&quot;btnBottomDistance&quot;:30,&quot;isShowBtnLabel&quot;:&quot;ON&quot;,&quot;isShowGDPR&quot;:&quot;OFF&quot;,&quot;gdprContent&quot;:&quot;Please accept our &lt;a href=\\&quot;https:\\\/\\\/ninjateam.org\\\/privacy-policy\\\/\\&quot;&gt;privacy policy&lt;\\\/a&gt; first to start a conversation.&quot;,&quot;widgetType&quot;:&quot;expandable&quot;},&quot;analytics&quot;:{&quot;enabledGoogle&quot;:&quot;OFF&quot;,&quot;enabledFacebook&quot;:&quot;OFF&quot;,&quot;enabledGoogleGA4&quot;:&quot;OFF&quot;}},&quot;gdprStatus&quot;:false,&quot;defaultAvatar&quot;:&quot;https:\\\/\\\/nonamepublicidad.com\\\/wp-content\\\/plugins\\\/whatsapp-for-wordpress\\\/assets\\\/img\\\/whatsapp_logo.svg&quot;}\"><\/div>\n<div style=\"visibility: hidden;\">idioma yanesha, yanesha, lenguas ind\u00edgenas de am\u00e9rica, lenguas del peru, dialectos del peru, idiomas, clase de idiomas, curso de idiomas, lenguas yanesha, amuesha, amoesha, palabras en yanesha, traductor de lengua yanesha, aprender yanesha, alfabeto yanesha, traductor yanesha, cultura yanesha, pueblo yanesha, yanesha costumbres, profesores nativos y expertos, escuela de idiomas<\/div>\n","protected":false},"featured_media":8597,"comment_status":"open","ping_status":"closed","template":"","meta":[],"product_brand":[],"product_cat":[168,166],"product_tag":[1637,1633,1632,1636,1629,1639,1630,1627,1643,1623,1628,1626,1625,1631,1634,1642,1640,1635,1638,1624,1641],"class_list":{"0":"post-8598","1":"product","2":"type-product","3":"status-publish","4":"has-post-thumbnail","6":"product_cat-ensenanza","7":"product_cat-servicios","8":"product_tag-alfabeto-yanesha","9":"product_tag-amoesha","10":"product_tag-amuesha","11":"product_tag-aprender-yanesha","12":"product_tag-clase-de-idiomas","13":"product_tag-cultura-yanesha","14":"product_tag-curso-de-idiomas","15":"product_tag-dialectos-del-peru","16":"product_tag-escuela-de-idiomas","17":"product_tag-idioma-yanesha","18":"product_tag-idiomas","19":"product_tag-lenguas-del-peru","20":"product_tag-lenguas-indigenas-de-america","21":"product_tag-lenguas-yanesha","22":"product_tag-palabras-en-yanesha","23":"product_tag-profesores-nativos-y-expertos","24":"product_tag-pueblo-yanesha","25":"product_tag-traductor-de-lengua-yanesha","26":"product_tag-traductor-yanesha","27":"product_tag-yanesha","28":"product_tag-yanesha-costumbres","30":"first","31":"instock","32":"featured","33":"virtual","34":"taxable","35":"product-type-simple"},"_links":{"self":[{"href":"https:\/\/nonamepublicidad.com\/en\/wp-json\/wp\/v2\/product\/8598","targetHints":{"allow":["GET"]}}],"collection":[{"href":"https:\/\/nonamepublicidad.com\/en\/wp-json\/wp\/v2\/product"}],"about":[{"href":"https:\/\/nonamepublicidad.com\/en\/wp-json\/wp\/v2\/types\/product"}],"replies":[{"embeddable":true,"href":"https:\/\/nonamepublicidad.com\/en\/wp-json\/wp\/v2\/comments?post=8598"}],"version-history":[{"count":0,"href":"https:\/\/nonamepublicidad.com\/en\/wp-json\/wp\/v2\/product\/8598\/revisions"}],"wp:featuredmedia":[{"embeddable":true,"href":"https:\/\/nonamepublicidad.com\/en\/wp-json\/wp\/v2\/media\/8597"}],"wp:attachment":[{"href":"https:\/\/nonamepublicidad.com\/en\/wp-json\/wp\/v2\/media?parent=8598"}],"wp:term":[{"taxonomy":"product_brand","embeddable":true,"href":"https:\/\/nonamepublicidad.com\/en\/wp-json\/wp\/v2\/product_brand?post=8598"},{"taxonomy":"product_cat","embeddable":true,"href":"https:\/\/nonamepublicidad.com\/en\/wp-json\/wp\/v2\/product_cat?post=8598"},{"taxonomy":"product_tag","embeddable":true,"href":"https:\/\/nonamepublicidad.com\/en\/wp-json\/wp\/v2\/product_tag?post=8598"}],"curies":[{"name":"wp","href":"https:\/\/api.w.org\/{rel}","templated":true}]}}