{"id":8755,"date":"2021-11-02T06:39:09","date_gmt":"2021-11-02T11:39:09","guid":{"rendered":"http:\/\/nonamepublicidad.com\/?post_type=product&#038;p=8755"},"modified":"2024-12-02T08:49:23","modified_gmt":"2024-12-02T13:49:23","slug":"artesania-yanesha-charo-de-la-comunidad-nativa-de-tsachopen","status":"publish","type":"product","link":"https:\/\/nonamepublicidad.com\/en\/product\/artesania-yanesha-charo-de-la-comunidad-nativa-de-tsachopen\/","title":{"rendered":"Artesan\u00eda Yanesha Charo de la Comunidad Nativa de Tsachop\u00e9n"},"content":{"rendered":"<p align=\"center\"><iframe title=\"YouTube video player\" src=\"https:\/\/www.youtube.com\/embed\/MklE8OTdhEk?start=184\" width=\"560\" height=\"315\" frameborder=\"0\" allowfullscreen=\"allowfullscreen\"><\/iframe><\/p>\n<p>&nbsp;<\/p>\n<p>La Comunidad Nativa Tsachop\u00e9n del pueblo Yanesha en el distrito de Chontabamba en la provincia de Oxapampa y est\u00e1 a apenas 6 km de la plaza de Oxapampa es decir a 8 horas de Lima aproximadamente.<\/p>\n<p>Debido a la belleza de la selva central y gracias a una original y variada oferta de actividades que esta comunidad nativa propone en el marco del turismo rural comunitario, la visita a la Comunidad Nativa Tsachop\u00e9n se est\u00e1 incrementando.<\/p>\n<p>El arte tradicional desarrollado en base a algod\u00f3n nativo te\u00f1ido con plantas tint\u00f3reas, es uno de los principales atractivos en lo que se refiere a producci\u00f3n artesanal.<\/p>\n<p>Para la comercializaci\u00f3n de su arte tradicional, los artesanos de la Comunidad Nativa Tsachop\u00e9n se han organizado en la Asociaci\u00f3n de Artesanos Champe.<\/p>","protected":false},"excerpt":{"rendered":"<p>Artesan\u00eda Yanesha Charo ofrece textiles con telas te\u00f1idas con cortezas, hojas, c\u00e1scaras y trabajar con productos ecol\u00f3gicos.<\/p>\n<p>Direcci\u00f3n: Comunidad Nativa Tsachop\u00e9n, Sector Miraflores Chontabamba, Oxapampa, Pasco.<\/p>\n<p>Contacto: Rosario Colina Arroyo \/ Lesly Moale Colina<\/p>\n<p>Facebook: <a href=\"https:\/\/www.facebook.com\/ArtesaniaYanesha\" target=\"_blank\" rel=\"noopener\">Artesan\u00eda Yanesha Charo<\/a><\/p>\n<p>Instagram: <a href=\"https:\/\/www.instagram.com\/artesaniayanesha\/\" target=\"_blank\" rel=\"noopener\">artesaniayanesha<\/a><\/p>\n<p>Correo: <a href=\"mailto:artesaniayaneshacharo@gmail.com\" target=\"_blank\" rel=\"noopener\">artesaniayaneshacharo@gmail.com<\/a><\/p>\n<ul>\n<li>Colores: naturales<\/li>\n<li>Hecho a mano<\/li>\n<li>Imagen referencial<\/li>\n<\/ul>\n<p>Consultas al: <a href=\"tel:51940070804\">(+51) 940070804<\/a><\/p>\n<div class=\"nta_wa_button\" data-id=\"14268\" data-info=\"{&quot;name&quot;:&quot;Artesan\\u00eda Yanesha Charo de la Comunidad Nativa de Tsachop\\u00e9n&quot;,&quot;info&quot;:{&quot;number&quot;:&quot;+51940070804&quot;,&quot;title&quot;:&quot;Artesan\\u00eda Yanesha Charo de la C Nativa de Tsachop\\u00e9n | Tienda&quot;,&quot;predefinedText&quot;:&quot;Hola Charo. Me gustar\\u00eda m\\u00e1s informaci\\u00f3n de [njwa_page_title] Este es el link [njwa_page_url]&quot;,&quot;willBeBackText&quot;:&quot;I will be back in [njwa_time_work]&quot;,&quot;dayOffsText&quot;:&quot;I will be back soon&quot;,&quot;isAlwaysAvailable&quot;:&quot;ON&quot;,&quot;daysOfWeekWorking&quot;:{&quot;sunday&quot;:{&quot;isWorkingOnDay&quot;:&quot;OFF&quot;,&quot;workHours&quot;:[{&quot;startTime&quot;:&quot;08:00&quot;,&quot;endTime&quot;:&quot;17:30&quot;}]},&quot;monday&quot;:{&quot;isWorkingOnDay&quot;:&quot;OFF&quot;,&quot;workHours&quot;:[{&quot;startTime&quot;:&quot;08:00&quot;,&quot;endTime&quot;:&quot;17:30&quot;}]},&quot;tuesday&quot;:{&quot;isWorkingOnDay&quot;:&quot;OFF&quot;,&quot;workHours&quot;:[{&quot;startTime&quot;:&quot;08:00&quot;,&quot;endTime&quot;:&quot;17:30&quot;}]},&quot;wednesday&quot;:{&quot;isWorkingOnDay&quot;:&quot;OFF&quot;,&quot;workHours&quot;:[{&quot;startTime&quot;:&quot;08:00&quot;,&quot;endTime&quot;:&quot;17:30&quot;}]},&quot;thursday&quot;:{&quot;isWorkingOnDay&quot;:&quot;OFF&quot;,&quot;workHours&quot;:[{&quot;startTime&quot;:&quot;08:00&quot;,&quot;endTime&quot;:&quot;17:30&quot;}]},&quot;friday&quot;:{&quot;isWorkingOnDay&quot;:&quot;OFF&quot;,&quot;workHours&quot;:[{&quot;startTime&quot;:&quot;08:00&quot;,&quot;endTime&quot;:&quot;17:30&quot;}]},&quot;saturday&quot;:{&quot;isWorkingOnDay&quot;:&quot;OFF&quot;,&quot;workHours&quot;:[{&quot;startTime&quot;:&quot;08:00&quot;,&quot;endTime&quot;:&quot;17:30&quot;}]}}},&quot;styles&quot;:{&quot;type&quot;:&quot;round&quot;,&quot;backgroundColor&quot;:&quot;#2DB742&quot;,&quot;textColor&quot;:&quot;#fff&quot;,&quot;label&quot;:&quot;Necesitas ayuda? Hablemos&quot;,&quot;width&quot;:300,&quot;height&quot;:64},&quot;avatar&quot;:&quot;https:\\\/\\\/nonamepublicidad.com\\\/wp-content\\\/uploads\\\/2021\\\/11\\\/artesania_yanesha_charo_de_la_comunidad_nativa_de_tsachopen_01.jpg&quot;,&quot;options&quot;:{&quot;display&quot;:{&quot;displayCondition&quot;:&quot;showAllPage&quot;,&quot;includePages&quot;:[],&quot;excludePages&quot;:[],&quot;includePosts&quot;:[],&quot;showOnDesktop&quot;:&quot;ON&quot;,&quot;showOnMobile&quot;:&quot;ON&quot;,&quot;time_symbols&quot;:&quot;h:m&quot;},&quot;styles&quot;:{&quot;title&quot;:&quot;Start a Conversation&quot;,&quot;responseText&quot;:&quot;The team typically replies in a few minutes.&quot;,&quot;description&quot;:&quot;Hi! Click one of our member below to chat on &lt;strong&gt;WhatsApp&lt;\\\/strong&gt;&quot;,&quot;backgroundColor&quot;:&quot;#2db742&quot;,&quot;textColor&quot;:&quot;#fff&quot;,&quot;scrollHeight&quot;:500,&quot;isShowScroll&quot;:&quot;OFF&quot;,&quot;isShowResponseText&quot;:&quot;ON&quot;,&quot;isShowPoweredBy&quot;:&quot;ON&quot;,&quot;btnLabel&quot;:&quot;Need Help? &lt;strong&gt;Chat with us&lt;\\\/strong&gt;&quot;,&quot;btnLabelWidth&quot;:156,&quot;btnPosition&quot;:&quot;right&quot;,&quot;btnLeftDistance&quot;:30,&quot;btnRightDistance&quot;:30,&quot;btnBottomDistance&quot;:30,&quot;isShowBtnLabel&quot;:&quot;ON&quot;,&quot;isShowGDPR&quot;:&quot;OFF&quot;,&quot;gdprContent&quot;:&quot;Please accept our &lt;a href=\\&quot;https:\\\/\\\/ninjateam.org\\\/privacy-policy\\\/\\&quot;&gt;privacy policy&lt;\\\/a&gt; first to start a conversation.&quot;,&quot;widgetType&quot;:&quot;expandable&quot;},&quot;analytics&quot;:{&quot;enabledGoogle&quot;:&quot;OFF&quot;,&quot;enabledFacebook&quot;:&quot;OFF&quot;,&quot;enabledGoogleGA4&quot;:&quot;OFF&quot;}},&quot;gdprStatus&quot;:false,&quot;defaultAvatar&quot;:&quot;https:\\\/\\\/nonamepublicidad.com\\\/wp-content\\\/plugins\\\/whatsapp-for-wordpress\\\/assets\\\/img\\\/whatsapp_logo.svg&quot;}\"><\/div>\n<div style=\"visibility: hidden;\">industria textil, polos, ropa y accesorios, camiseta, como doblar polos, dise\u00f1os de polos, estampado de polos, moda, polo, polos estampados, polos para parejas, ropa de verano para hombre, ropa de verano para mujer, textil, tshirt, tshirt estampado, polo de verano, polo manga corta, tshirt manga corta, ropa de verano, moda unisex, moda urbana, polo moda, batik tshirt, polo batik, estampado batik, hecho a mano, ecologico, tienda de artesania<\/div>\n","protected":false},"featured_media":8752,"comment_status":"open","ping_status":"closed","template":"","meta":[],"product_brand":[],"product_cat":[129,128],"product_tag":[1603,582,587,590,1606,1605,589,705,1495,581,1509,1214,66,1604,1551,1552,1554,1496,586,588,1505,592,1602,1498,580,1670,591,1550,1553],"class_list":{"0":"post-8755","1":"product","2":"type-product","3":"status-publish","4":"has-post-thumbnail","6":"product_cat-accesorios-de-moda","7":"product_cat-ropa-y-accesorios","8":"product_tag-batik-tshirt","9":"product_tag-camiseta","10":"product_tag-como-doblar-polos","11":"product_tag-disenos-de-polos","12":"product_tag-ecologico","13":"product_tag-estampado-batik","14":"product_tag-estampado-de-polos","15":"product_tag-hecho-a-mano","16":"product_tag-industria-textil","17":"product_tag-moda","18":"product_tag-moda-unisex","19":"product_tag-moda-urbana","20":"product_tag-polo","21":"product_tag-polo-batik","22":"product_tag-polo-de-verano","23":"product_tag-polo-manga-corta","24":"product_tag-polo-moda","25":"product_tag-polos","26":"product_tag-polos-estampados","27":"product_tag-polos-para-parejas","28":"product_tag-ropa-de-verano","29":"product_tag-ropa-de-verano-hombre","30":"product_tag-ropa-de-verano-para-mujer","31":"product_tag-ropa-y-accesorios","32":"product_tag-textil","33":"product_tag-tienda-de-artesania","34":"product_tag-tshirt","35":"product_tag-tshirt-estampado","36":"product_tag-tshirt-manga-corta","38":"first","39":"instock","40":"featured","41":"virtual","42":"taxable","43":"product-type-simple"},"_links":{"self":[{"href":"https:\/\/nonamepublicidad.com\/en\/wp-json\/wp\/v2\/product\/8755","targetHints":{"allow":["GET"]}}],"collection":[{"href":"https:\/\/nonamepublicidad.com\/en\/wp-json\/wp\/v2\/product"}],"about":[{"href":"https:\/\/nonamepublicidad.com\/en\/wp-json\/wp\/v2\/types\/product"}],"replies":[{"embeddable":true,"href":"https:\/\/nonamepublicidad.com\/en\/wp-json\/wp\/v2\/comments?post=8755"}],"version-history":[{"count":0,"href":"https:\/\/nonamepublicidad.com\/en\/wp-json\/wp\/v2\/product\/8755\/revisions"}],"wp:featuredmedia":[{"embeddable":true,"href":"https:\/\/nonamepublicidad.com\/en\/wp-json\/wp\/v2\/media\/8752"}],"wp:attachment":[{"href":"https:\/\/nonamepublicidad.com\/en\/wp-json\/wp\/v2\/media?parent=8755"}],"wp:term":[{"taxonomy":"product_brand","embeddable":true,"href":"https:\/\/nonamepublicidad.com\/en\/wp-json\/wp\/v2\/product_brand?post=8755"},{"taxonomy":"product_cat","embeddable":true,"href":"https:\/\/nonamepublicidad.com\/en\/wp-json\/wp\/v2\/product_cat?post=8755"},{"taxonomy":"product_tag","embeddable":true,"href":"https:\/\/nonamepublicidad.com\/en\/wp-json\/wp\/v2\/product_tag?post=8755"}],"curies":[{"name":"wp","href":"https:\/\/api.w.org\/{rel}","templated":true}]}}