{"id":8765,"date":"2021-11-02T23:55:19","date_gmt":"2021-11-03T04:55:19","guid":{"rendered":"http:\/\/nonamepublicidad.com\/?post_type=product&#038;p=8765"},"modified":"2024-12-02T08:49:23","modified_gmt":"2024-12-02T13:49:23","slug":"womenk-cafe","status":"publish","type":"product","link":"https:\/\/nonamepublicidad.com\/en\/product\/womenk-cafe\/","title":{"rendered":"Womenk Caf\u00e9"},"content":{"rendered":"<p>Soy Jesusa Colina, caficultora Yanesha de la Comunidad de \u00d1agaz\u00fa en Villa Rica.<\/p>\n<p>Inici\u00e9 el proyecto Womenk que significa fuerza en Yanesha, para llevar nuestro caf\u00e9 y nuestra cultura a m\u00e1s personas mostrando la perseverancia y esfuerzo de nosotros los Yaneshas.<\/p>\n<p>Con este proyecto buscamos como productores de caf\u00e9 involucrarnos en toda la cadena productiva para llegar directo al consumidor.<\/p>\n<p>Por generaciones venimos cultivando caf\u00e9 cuidando la biodiversidad de nuestros bosques y preservando nuestras pr\u00e1cticas de cultivo org\u00e1nicas, que no es un trabajo f\u00e1cil.<\/p>\n<p>Ya es momento que los productores entremos al mercado a competir.<\/p>\n<p>Los invito a seguir este proyecto y conocer m\u00e1s de nuestro caf\u00e9 y nuestra cultura Yanesha.<\/p>","protected":false},"excerpt":{"rendered":"<p>Caf\u00e9 de especialidad producido en la Comunidad Yanesha de \u00d1agaz\u00fa, Villa Rica &#8211; Per\u00fa.<\/p>\n<p>Facebook: <a href=\"https:\/\/www.facebook.com\/womenkcafe\/\" target=\"_blank\" rel=\"noopener\">Womenk Caf\u00e9<\/a><\/p>\n<p>Instagram: <a href=\"https:\/\/www.instagram.com\/womenk_cafe\/\" target=\"_blank\" rel=\"noopener\">@womenk_cafe<\/a><\/p>\n<p>Correo: <a href=\"mailto:womenkcafe@gmail.com\">womenkcafe@gmail.com<\/a><\/p>\n<ul>\n<li>Tipo de caf\u00e9 arom\u00e1tico<\/li>\n<li>Hecho en Per\u00fa<\/li>\n<li>Consultar tarifa de flete<\/li>\n<\/ul>\n<p>Pedidos al: <a href=\"tel:51996314518\">(+51) 996314518<\/a><\/p>\n<div class=\"nta_wa_button\" data-id=\"14265\" data-info=\"{&quot;name&quot;:&quot;Womenk Caf\\u00e9&quot;,&quot;info&quot;:{&quot;number&quot;:&quot;+51996314518&quot;,&quot;title&quot;:&quot;Womenk Caf\\u00e9 | Tienda&quot;,&quot;predefinedText&quot;:&quot;Hola Womenk Caf\\u00e9. Me gustar\\u00eda m\\u00e1s informaci\\u00f3n de [njwa_page_title] Este es el link [njwa_page_url]&quot;,&quot;willBeBackText&quot;:&quot;I will be back in [njwa_time_work]&quot;,&quot;dayOffsText&quot;:&quot;I will be back soon&quot;,&quot;isAlwaysAvailable&quot;:&quot;ON&quot;,&quot;daysOfWeekWorking&quot;:{&quot;sunday&quot;:{&quot;isWorkingOnDay&quot;:&quot;OFF&quot;,&quot;workHours&quot;:[{&quot;startTime&quot;:&quot;08:00&quot;,&quot;endTime&quot;:&quot;17:30&quot;}]},&quot;monday&quot;:{&quot;isWorkingOnDay&quot;:&quot;OFF&quot;,&quot;workHours&quot;:[{&quot;startTime&quot;:&quot;08:00&quot;,&quot;endTime&quot;:&quot;17:30&quot;}]},&quot;tuesday&quot;:{&quot;isWorkingOnDay&quot;:&quot;OFF&quot;,&quot;workHours&quot;:[{&quot;startTime&quot;:&quot;08:00&quot;,&quot;endTime&quot;:&quot;17:30&quot;}]},&quot;wednesday&quot;:{&quot;isWorkingOnDay&quot;:&quot;OFF&quot;,&quot;workHours&quot;:[{&quot;startTime&quot;:&quot;08:00&quot;,&quot;endTime&quot;:&quot;17:30&quot;}]},&quot;thursday&quot;:{&quot;isWorkingOnDay&quot;:&quot;OFF&quot;,&quot;workHours&quot;:[{&quot;startTime&quot;:&quot;08:00&quot;,&quot;endTime&quot;:&quot;17:30&quot;}]},&quot;friday&quot;:{&quot;isWorkingOnDay&quot;:&quot;OFF&quot;,&quot;workHours&quot;:[{&quot;startTime&quot;:&quot;08:00&quot;,&quot;endTime&quot;:&quot;17:30&quot;}]},&quot;saturday&quot;:{&quot;isWorkingOnDay&quot;:&quot;OFF&quot;,&quot;workHours&quot;:[{&quot;startTime&quot;:&quot;08:00&quot;,&quot;endTime&quot;:&quot;17:30&quot;}]}}},&quot;styles&quot;:{&quot;type&quot;:&quot;round&quot;,&quot;backgroundColor&quot;:&quot;#2DB742&quot;,&quot;textColor&quot;:&quot;#fff&quot;,&quot;label&quot;:&quot;Necesitas ayuda? Hablemos&quot;,&quot;width&quot;:300,&quot;height&quot;:64},&quot;avatar&quot;:&quot;https:\\\/\\\/nonamepublicidad.com\\\/wp-content\\\/uploads\\\/2021\\\/11\\\/womenk_cafe_03.jpg&quot;,&quot;options&quot;:{&quot;display&quot;:{&quot;displayCondition&quot;:&quot;showAllPage&quot;,&quot;includePages&quot;:[],&quot;excludePages&quot;:[],&quot;includePosts&quot;:[],&quot;showOnDesktop&quot;:&quot;ON&quot;,&quot;showOnMobile&quot;:&quot;ON&quot;,&quot;time_symbols&quot;:&quot;h:m&quot;},&quot;styles&quot;:{&quot;title&quot;:&quot;Start a Conversation&quot;,&quot;responseText&quot;:&quot;The team typically replies in a few minutes.&quot;,&quot;description&quot;:&quot;Hi! Click one of our member below to chat on &lt;strong&gt;WhatsApp&lt;\\\/strong&gt;&quot;,&quot;backgroundColor&quot;:&quot;#2db742&quot;,&quot;textColor&quot;:&quot;#fff&quot;,&quot;scrollHeight&quot;:500,&quot;isShowScroll&quot;:&quot;OFF&quot;,&quot;isShowResponseText&quot;:&quot;ON&quot;,&quot;isShowPoweredBy&quot;:&quot;ON&quot;,&quot;btnLabel&quot;:&quot;Need Help? &lt;strong&gt;Chat with us&lt;\\\/strong&gt;&quot;,&quot;btnLabelWidth&quot;:156,&quot;btnPosition&quot;:&quot;right&quot;,&quot;btnLeftDistance&quot;:30,&quot;btnRightDistance&quot;:30,&quot;btnBottomDistance&quot;:30,&quot;isShowBtnLabel&quot;:&quot;ON&quot;,&quot;isShowGDPR&quot;:&quot;OFF&quot;,&quot;gdprContent&quot;:&quot;Please accept our &lt;a href=\\&quot;https:\\\/\\\/ninjateam.org\\\/privacy-policy\\\/\\&quot;&gt;privacy policy&lt;\\\/a&gt; first to start a conversation.&quot;,&quot;widgetType&quot;:&quot;expandable&quot;},&quot;analytics&quot;:{&quot;enabledGoogle&quot;:&quot;OFF&quot;,&quot;enabledFacebook&quot;:&quot;OFF&quot;,&quot;enabledGoogleGA4&quot;:&quot;OFF&quot;}},&quot;gdprStatus&quot;:false,&quot;defaultAvatar&quot;:&quot;https:\\\/\\\/nonamepublicidad.com\\\/wp-content\\\/plugins\\\/whatsapp-for-wordpress\\\/assets\\\/img\\\/whatsapp_logo.svg&quot;}\"><\/div>\n<div style=\"visibility: hidden;\">cafe, cafetera, cafetera italiana, cafeterias, cafeina, caf\u00e9, caf\u00e9 peruano, caf\u00e9 natural, caf\u00e9 natural molido, cafe natural, cafe natural molido, cafe peruano, cafe peruano en el mundo, cafe peruano de exportacion, cafe peruano de villa rica, caf\u00e9 peruano, caf\u00e9 peruano precio, cafe peruano de exportacion, caf\u00e9 arom\u00e1tico, cafe aromatico tradicional, cafe aromatico, cafe aromatico tradicional, cafe molido, cafe molido para pasar, cafe molido precio, cafe molido espresso, cafe molido medio, cafe molido grueso, caf\u00e9 molido, caf\u00e9 molido para pasar, caf\u00e9 molido precio, caf\u00e9 molido delivery, caf\u00e9 molido para cafetera italiana, cafe molido para cafetera francesa, cafe molido para cafetera electrica, caf\u00e9 boutique, tienda de caf\u00e9, cafeter\u00eda, bebida de caf\u00e9, caf\u00e9 latino americano, caf\u00e9 de Per\u00fa, caf\u00e9 molido, caf\u00e9 tostado, coffee, coffee Per\u00fa, cafe organico<\/div>\n","protected":false},"featured_media":8762,"comment_status":"open","ping_status":"closed","template":"","meta":[],"product_brand":[],"product_cat":[113,107],"product_tag":[529,1022,1672,1023,1389,1020,1021,1018,1017,1594,1671,1019,1599],"class_list":{"0":"post-8765","1":"product","2":"type-product","3":"status-publish","4":"has-post-thumbnail","6":"product_cat-alimentos-y-bebidas","7":"product_cat-otras-categorias","8":"product_tag-cafe","9":"product_tag-cafe-aromatico","10":"product_tag-cafe-de-especialidad","11":"product_tag-cafe-molido-para-pasar","12":"product_tag-cafe-organico","13":"product_tag-cafe-peruano","14":"product_tag-cafe-peruano-de-exportacion","15":"product_tag-chanchamayo","16":"product_tag-la-merced","17":"product_tag-oxapampa","18":"product_tag-pasco","19":"product_tag-selva-central-del-peru","20":"product_tag-villa-rica","22":"first","23":"instock","24":"virtual","25":"taxable","26":"product-type-simple"},"_links":{"self":[{"href":"https:\/\/nonamepublicidad.com\/en\/wp-json\/wp\/v2\/product\/8765","targetHints":{"allow":["GET"]}}],"collection":[{"href":"https:\/\/nonamepublicidad.com\/en\/wp-json\/wp\/v2\/product"}],"about":[{"href":"https:\/\/nonamepublicidad.com\/en\/wp-json\/wp\/v2\/types\/product"}],"replies":[{"embeddable":true,"href":"https:\/\/nonamepublicidad.com\/en\/wp-json\/wp\/v2\/comments?post=8765"}],"version-history":[{"count":0,"href":"https:\/\/nonamepublicidad.com\/en\/wp-json\/wp\/v2\/product\/8765\/revisions"}],"wp:featuredmedia":[{"embeddable":true,"href":"https:\/\/nonamepublicidad.com\/en\/wp-json\/wp\/v2\/media\/8762"}],"wp:attachment":[{"href":"https:\/\/nonamepublicidad.com\/en\/wp-json\/wp\/v2\/media?parent=8765"}],"wp:term":[{"taxonomy":"product_brand","embeddable":true,"href":"https:\/\/nonamepublicidad.com\/en\/wp-json\/wp\/v2\/product_brand?post=8765"},{"taxonomy":"product_cat","embeddable":true,"href":"https:\/\/nonamepublicidad.com\/en\/wp-json\/wp\/v2\/product_cat?post=8765"},{"taxonomy":"product_tag","embeddable":true,"href":"https:\/\/nonamepublicidad.com\/en\/wp-json\/wp\/v2\/product_tag?post=8765"}],"curies":[{"name":"wp","href":"https:\/\/api.w.org\/{rel}","templated":true}]}}