{"id":8837,"date":"2021-11-12T01:09:36","date_gmt":"2021-11-12T06:09:36","guid":{"rendered":"http:\/\/nonamepublicidad.com\/?post_type=product&#038;p=8837"},"modified":"2025-09-08T16:19:34","modified_gmt":"2025-09-08T21:19:34","slug":"curador-wine-bar-shop","status":"publish","type":"product","link":"https:\/\/nonamepublicidad.com\/en\/product\/curador-wine-bar-shop\/","title":{"rendered":"Curador Wine Bar &#038; Shop"},"content":{"rendered":"<p><img fetchpriority=\"high\" decoding=\"async\" class=\"wp-image-8836 size-full aligncenter\" src=\"http:\/\/nonamepublicidad.com\/wp-content\/uploads\/2021\/11\/curador_wine_bar__shop_06.jpg\" alt=\"Curador Wine Bar &amp; Shop\" width=\"500\" height=\"500\" srcset=\"https:\/\/nonamepublicidad.com\/wp-content\/uploads\/2021\/11\/curador_wine_bar__shop_06.jpg 500w, https:\/\/nonamepublicidad.com\/wp-content\/uploads\/2021\/11\/curador_wine_bar__shop_06-400x400.jpg 400w\" sizes=\"(max-width: 500px) 100vw, 500px\" \/><\/p>\n<p style=\"text-align: center;\">El sommelier y chef\u00a0<em>Andr\u00e9s Orellana.<\/em><\/p>\n<p>&nbsp;<\/p>\n<p style=\"text-align: center;\"><strong>Nuestra carta<\/strong><\/p>\n<p>&nbsp;<\/p>\n<p><strong>Promociones<\/strong><\/p>\n<p>Pack celebra con pap\u00e1 1<\/p>\n<p>&#8211; 2 Vino Calle Constantini Chardonnay \/ Malbec, Petit Verdot \u2013 Altamira, Argentina &#8211; 1 Tabla Mixta Curador &#8211; 1 Pan Focaccia &#8211; 1 Mermelada higos &amp; fresa x 150 gr &#8211; 1 Frutos secos x 150 gr<\/p>\n<p>Pack celebra con pap\u00e1 2<\/p>\n<p>&#8211; 1 Negroni x 500 ml &#8211; 1 Tabla de Quesos &#8211; 1 Pan Ciabatta &#8211; 1 Mermelada higos &amp; fresa x 150 gr<\/p>\n<p>&nbsp;<\/p>\n<p><strong>Jamones 100grs.<\/strong><\/p>\n<p>Jam\u00f3n de la Casa<\/p>\n<p>Panceta Nikkei<\/p>\n<p>Prosciutto de Parma<\/p>\n<p>Salame Cacciatore<\/p>\n<p>Salchichon Vela<\/p>\n<p>&nbsp;<\/p>\n<p><strong>Quesos 100grs.<\/strong><\/p>\n<p>Burgos<\/p>\n<p>Straciatella<\/p>\n<p>Grana Padano 12m<\/p>\n<p>Gorgonzola<\/p>\n<p>&nbsp;<\/p>\n<p><strong>Raciones y Platos<\/strong><\/p>\n<p>Canasta de Panes del D\u00eda p.p.<\/p>\n<p>Aceitunas Tacne\u00f1as<\/p>\n<p>Tabla de Quesos y Mermeladas<\/p>\n<p>Tabla de Jamones y Encurtidos<\/p>\n<p>Tabla Mixta<\/p>\n<p>Tabla Joselito<\/p>\n<p>Focaccia Planchada, Queso y Tomates Confitados<\/p>\n<p>Butifarra: Ciabatta, Jam\u00f3n de la Casa, Palta y Criolla<\/p>\n<p>Carrillera de Res Estofada y Pur\u00e9<\/p>\n<p>Fugazzetta del D\u00eda<\/p>\n<p>&nbsp;<\/p>\n<p><strong>Pizza<\/strong><\/p>\n<p>Margherita (Tomate org\u00e1nico, mozzarella, albahaca, tomate confitado)<\/p>\n<p>Sacha (Tomate org\u00e1nico, mozzarella, chorizo joselito, Ganna Padano, Straciatella)<\/p>\n<p>American\u00edsima (Tomate org\u00e1nico, mozzarella, Jam\u00f3n de Bondiola, Chorizo de rocoto, or\u00e9gano fresco)<\/p>\n<p>Cacciatore (Tomate org\u00e1nico, mozzarella, salame italiano, romero)<\/p>\n<p>Hawaiian Golden (Tomate org\u00e1nico, mozzarella, pi\u00f1a asada, panceta nikkei, salchich\u00f3n vela)<\/p>\n<p>Ayahuasca (Tomate, mozzarella, chorizo regional, romero, cebolla confitada)<\/p>\n<p>OMG! (Jam\u00f3n de bondiola, salame cacciatore, setas, aceitunas, cebolla)<\/p>\n<p>La Ni\u00f1a (Tomate org\u00e1nico, mozzarella, stracciatella, casta\u00f1as amaz\u00f3nicas, miel, ar\u00fagula)<\/p>\n<p>Higos y Prosciutto (Tomate organico, mozzarella, prosciutto, higos, ar\u00fagula)<\/p>\n<p>La Blanca (Mozzarella, panceta joselito, gorgonzola dop, straciatella, miel)<\/p>\n<p>&nbsp;<\/p>\n<p><strong>Postres<\/strong><\/p>\n<p>Tiramis\u00fa<\/p>\n<p>Tarta de Chocolate<\/p>\n<p>Tarta de C\u00edtricos<\/p>\n<p>Tarta de Queso<\/p>\n<p>&nbsp;<\/p>\n<p><strong>Cocteles<\/strong><\/p>\n<p>Gin Tonic (Tanqueray. Piel de Naranja. Britvic)<\/p>\n<p>Pisco Sour (Pisco. Lim\u00f3n. Angostura)<\/p>\n<p>Capit\u00e1n (Pisco. Cynar. Cinzano Rosso. Bitters)<\/p>\n<p>Old Caribbean (Ron 7 a\u00f1os. Amaro Lucano. Vermouth blanco. Luxardo Bitter)<\/p>\n<p>Negroni (Gin. Campari infusionado. Vermouth Cinzano)<\/p>\n<p>&nbsp;<\/p>\n<p><strong>Vinos Blancos<\/strong><\/p>\n<p>Tupun, Chardonnay<\/p>\n<p>Tupun Reserve, Viognier<\/p>\n<p>Lupa Blanco Canoso, Chardonnay<\/p>\n<p>&nbsp;<\/p>\n<p><strong>Vinos Naranjas<\/strong><\/p>\n<p>Livver\u00e1, Malvas\u00eda<\/p>\n<p>&nbsp;<\/p>\n<p><strong>Vinos Tintos<\/strong><\/p>\n<p>Laderas del Valle, Malbec<\/p>\n<p>Laderas del Valle, Cabernet Sauvignon<\/p>\n<p>Tupun, Bonarda<\/p>\n<p>Barbarians, Bonarda<\/p>\n<p>Barbarians, Cabernet Sauvignon<\/p>\n<p>Tupun Reserve, Bonarda<\/p>\n<p>Lupa Malbec Petit Verdot 2018<\/p>\n<p>Livver\u00e1, Bequi\u00f1ol<\/p>\n<p>Livver\u00e1, Bonarda<\/p>\n<p>Livver\u00e1, Cabernet Sau<\/p>\n<p>Livver\u00e1, Malbec<\/p>\n<p>Livver\u00e1, Cabernet Sauvignon<\/p>\n<p>Calc\u00e1reo Superuco Gualtallary, Malbec<\/p>\n<p>Calc\u00e1reo Superuco Altamira, Malbec<\/p>\n<p>Calc\u00e1reo Superuco Chacayes, Malbec<\/p>\n<p>&nbsp;<\/p>\n<p><strong>Vinos Tentadores<\/strong><\/p>\n<p>Equipo Navazos Casa Del Inca<\/p>\n<p>Equipo Navazos Manzanilla 71<\/p>\n<p>Equipo Navazos Fino 68<\/p>\n<p>Equipo Navazos Colet 2010<\/p>\n<p>Equipo Navazos Fino Amontillado<\/p>\n<p>Superuco Genitori<\/p>\n<p>&nbsp;<\/p>\n<p><strong>Vinos Flight Curador<\/strong><\/p>\n<p>Expresi\u00f3n de Suelos<\/p>\n<p>Viajando a Italia<\/p>\n<p>Cata Ciegas<\/p>\n<p>&nbsp;<\/p>\n<p><strong>Vinos Selecci\u00f3n Per\u00fa<\/strong><\/p>\n<p>Blend Joyas de Murga<\/p>\n<p>Albilla Italia<\/p>\n<p>Barrel White<\/p>\n<p>Italia Moyar<\/p>\n<p>Jos\u00e9 Santos Malbec<\/p>\n<p>Alvarado Reyes Cabernet S.<\/p>\n<p>Terrasur Blend<\/p>\n<p>Vi\u00f1a Marquez Barbera<\/p>\n<p>&nbsp;<\/p>\n<p><strong>Vinos Selecci\u00f3n Francia<\/strong><\/p>\n<p>Marcel Malbec Merlot<\/p>\n<p>Les2 Vaches Rouge<\/p>\n<p>Domaine de Petit clocher<\/p>\n<p>Mangot S.E.<\/p>\n<p>Mangot Saint Emilion<\/p>\n<p>&nbsp;<\/p>\n<p><strong>Vinos Selecci\u00f3n Escocia<\/strong><\/p>\n<p>Orahovica Silvanac<\/p>\n<p>Orahovica Frankovra<\/p>\n<p>Orahovica Grasevina<\/p>\n<p>&nbsp;<\/p>\n<p><strong>Vinos Selecci\u00f3n Italia<\/strong><\/p>\n<p>Barolo Granolere<\/p>\n<p>Magari<\/p>\n<p>Piceno Superiore<\/p>\n<p>Auxo Lvnae<\/p>\n<p>Icono C.S.<\/p>\n<p>Da sul Barbera DOCG<\/p>\n<p>Corbu Rosso<\/p>\n<p>Astoria Merlot<\/p>\n<p>&nbsp;<\/p>\n<p><strong>Bebidas sin Alcohol<\/strong><\/p>\n<p>Kombucha<\/p>\n<p>Cervezas<\/p>\n<p>Cervezas Artesanales<\/p>\n<p>Agua<\/p>\n<p>&nbsp;<\/p>\n<p><strong>Opciones de servicio<\/strong><\/p>\n<p>Entrega sin contacto<\/p>\n<p>Entrega a domicilio<\/p>\n<p>Retiro en tienda<\/p>\n<p>Compras en tienda<\/p>\n<p>Entrega el mismo d\u00eda<\/p>\n<p><strong>\u00a0<\/strong><\/p>\n<p><strong>Salud y seguridad<\/strong><\/p>\n<p>Se requiere el uso de mascarilla<\/p>\n<p>Se requiere una revisi\u00f3n de temperatura<\/p>","protected":false},"excerpt":{"rendered":"<p>En Curador todo es posible, ya que cuentas con la asesor\u00eda integral de nuestros chefs, sommelieres y maestros panaderos. Tambi\u00e9n te esperamos con pizzas artesanales, hechas con masa madre.<\/p>\n<p>Recuerda que nos capacitamos para ofrecerte una lista seleccionado de productor gourmet, vinos, quesos y otros.<\/p>\n<p>Ubicaci\u00f3n: <a href=\"https:\/\/maps.app.goo.gl\/qCnrmKbDdaCL2kGYA\" target=\"_blank\" rel=\"noopener\">Av. Angamos Oeste 598, Miraflores<\/a><\/p>\n<p>P\u00e1gina web: <a href=\"https:\/\/www.mesa247.pe\/lima\/restaurante\/curador\" target=\"_blank\" rel=\"noopener\">curador.mesa247.pe <\/a><\/p>\n<p>Instagram: <a href=\"https:\/\/www.instagram.com\/curadorlima\/\" target=\"_blank\" rel=\"noopener\">curadorlima<\/a><\/p>\n<p>Facebook: <a href=\"https:\/\/www.facebook.com\/curadorlima\" target=\"_blank\" rel=\"noopener\">curadorlima<\/a><\/p>\n<p>Correo: <a href=\"mailto:admin@curador.pe\">admin@curador.pe<\/a><\/p>\n<p>Horario:<\/p>\n<p>Lunes a Jueves 3:00 p.m. a 11:00 p.m.<\/p>\n<p>Viernes y S\u00e1bado 12:00 p.m. a 11:00 p.m.<\/p>\n<p>Domingo 12:00 p.m. a 10:00 p.m.<\/p>\n<p>Reservas al: <a href=\"tel:+51998249490\">(+51) 998249490<\/a><\/p>\n<p>Reservas al: <a href=\"tel:016912529\">(01) 6912529<\/a><\/p>\n<div class=\"nta_wa_button\" data-id=\"14255\" data-info=\"{&quot;name&quot;:&quot;Curador Wine Bar &#038; Shop&quot;,&quot;info&quot;:{&quot;number&quot;:&quot;+51998249490&quot;,&quot;title&quot;:&quot;Curador Wine Bar &amp; Shop | Tienda&quot;,&quot;predefinedText&quot;:&quot;Hola Curador. Me gustar\\u00eda m\\u00e1s informaci\\u00f3n de [njwa_page_title] Este es el link [njwa_page_url]&quot;,&quot;willBeBackText&quot;:&quot;I will be back in [njwa_time_work]&quot;,&quot;dayOffsText&quot;:&quot;I will be back soon&quot;,&quot;isAlwaysAvailable&quot;:&quot;ON&quot;,&quot;daysOfWeekWorking&quot;:{&quot;sunday&quot;:{&quot;isWorkingOnDay&quot;:&quot;OFF&quot;,&quot;workHours&quot;:[{&quot;startTime&quot;:&quot;08:00&quot;,&quot;endTime&quot;:&quot;17:30&quot;}]},&quot;monday&quot;:{&quot;isWorkingOnDay&quot;:&quot;OFF&quot;,&quot;workHours&quot;:[{&quot;startTime&quot;:&quot;08:00&quot;,&quot;endTime&quot;:&quot;17:30&quot;}]},&quot;tuesday&quot;:{&quot;isWorkingOnDay&quot;:&quot;OFF&quot;,&quot;workHours&quot;:[{&quot;startTime&quot;:&quot;08:00&quot;,&quot;endTime&quot;:&quot;17:30&quot;}]},&quot;wednesday&quot;:{&quot;isWorkingOnDay&quot;:&quot;OFF&quot;,&quot;workHours&quot;:[{&quot;startTime&quot;:&quot;08:00&quot;,&quot;endTime&quot;:&quot;17:30&quot;}]},&quot;thursday&quot;:{&quot;isWorkingOnDay&quot;:&quot;OFF&quot;,&quot;workHours&quot;:[{&quot;startTime&quot;:&quot;08:00&quot;,&quot;endTime&quot;:&quot;17:30&quot;}]},&quot;friday&quot;:{&quot;isWorkingOnDay&quot;:&quot;OFF&quot;,&quot;workHours&quot;:[{&quot;startTime&quot;:&quot;08:00&quot;,&quot;endTime&quot;:&quot;17:30&quot;}]},&quot;saturday&quot;:{&quot;isWorkingOnDay&quot;:&quot;OFF&quot;,&quot;workHours&quot;:[{&quot;startTime&quot;:&quot;08:00&quot;,&quot;endTime&quot;:&quot;17:30&quot;}]}}},&quot;styles&quot;:{&quot;type&quot;:&quot;round&quot;,&quot;backgroundColor&quot;:&quot;#2DB742&quot;,&quot;textColor&quot;:&quot;#fff&quot;,&quot;label&quot;:&quot;Necesitas ayuda? Hablemos&quot;,&quot;width&quot;:300,&quot;height&quot;:64},&quot;avatar&quot;:&quot;https:\\\/\\\/nonamepublicidad.com\\\/wp-content\\\/uploads\\\/2021\\\/11\\\/curador_wine_bar__shop_04.jpg&quot;,&quot;options&quot;:{&quot;display&quot;:{&quot;displayCondition&quot;:&quot;showAllPage&quot;,&quot;includePages&quot;:[],&quot;excludePages&quot;:[],&quot;includePosts&quot;:[],&quot;showOnDesktop&quot;:&quot;ON&quot;,&quot;showOnMobile&quot;:&quot;ON&quot;,&quot;time_symbols&quot;:&quot;h:m&quot;},&quot;styles&quot;:{&quot;title&quot;:&quot;Start a Conversation&quot;,&quot;responseText&quot;:&quot;The team typically replies in a few minutes.&quot;,&quot;description&quot;:&quot;Hi! Click one of our member below to chat on &lt;strong&gt;WhatsApp&lt;\\\/strong&gt;&quot;,&quot;backgroundColor&quot;:&quot;#2db742&quot;,&quot;textColor&quot;:&quot;#fff&quot;,&quot;scrollHeight&quot;:500,&quot;isShowScroll&quot;:&quot;OFF&quot;,&quot;isShowResponseText&quot;:&quot;ON&quot;,&quot;isShowPoweredBy&quot;:&quot;ON&quot;,&quot;btnLabel&quot;:&quot;Need Help? &lt;strong&gt;Chat with us&lt;\\\/strong&gt;&quot;,&quot;btnLabelWidth&quot;:156,&quot;btnPosition&quot;:&quot;right&quot;,&quot;btnLeftDistance&quot;:30,&quot;btnRightDistance&quot;:30,&quot;btnBottomDistance&quot;:30,&quot;isShowBtnLabel&quot;:&quot;ON&quot;,&quot;isShowGDPR&quot;:&quot;OFF&quot;,&quot;gdprContent&quot;:&quot;Please accept our &lt;a href=\\&quot;https:\\\/\\\/ninjateam.org\\\/privacy-policy\\\/\\&quot;&gt;privacy policy&lt;\\\/a&gt; first to start a conversation.&quot;,&quot;widgetType&quot;:&quot;expandable&quot;},&quot;analytics&quot;:{&quot;enabledGoogle&quot;:&quot;OFF&quot;,&quot;enabledFacebook&quot;:&quot;OFF&quot;,&quot;enabledGoogleGA4&quot;:&quot;OFF&quot;}},&quot;gdprStatus&quot;:false,&quot;defaultAvatar&quot;:&quot;https:\\\/\\\/nonamepublicidad.com\\\/wp-content\\\/plugins\\\/whatsapp-for-wordpress\\\/assets\\\/img\\\/whatsapp_logo.svg&quot;}\"><\/div>\n<div style=\"visibility: hidden;\">bar, tapas y piqueos, miraflores, restaurante, salon, maridajes, cheese, tapas, bodega, instawine, wine, curador, delivery, lima, peru, food and beverage, instafood, foodie, food lover, comida, brunch, maridaje, frutos rojos, cocteleria, vino, wines and desserts, quesos, charcuter\u00eda, chef, dinner, yummy, frutos secos, wine lover, wine time, pizza casera, pizzas, pizza time, food, pizza, lunch, lpizza, licorer\u00eda vino y amigos, conocedor gourmet, comidista, tienda de bebidas, tiempo del vino, boutique de vinos, venta de vinos<\/div>\n","protected":false},"featured_media":8831,"comment_status":"open","ping_status":"closed","template":"","meta":[],"product_brand":[],"product_cat":[174,166],"product_tag":[953,1686,1359,1729,1703,1710,1691,1711,1706,954,1702,1199,1198,1726,1725,1695,1696,1712,1720,1698,1701,1700,1705,1714,1699,1693,1724,1697,1723,1722,1704,1690,1688,1593,1721,1717,1719,1718,1709,882,1689,1692,1687,1728,1727,1730,1707,1694,1715,1716,1708,1713],"class_list":{"0":"post-8837","1":"product","2":"type-product","3":"status-publish","4":"has-post-thumbnail","6":"product_cat-restaurantes","7":"product_cat-servicios","8":"product_tag-alimentos","9":"product_tag-bar","10":"product_tag-bodega","11":"product_tag-boutique-de-vinos","12":"product_tag-brunch","13":"product_tag-charcuteria","14":"product_tag-cheese","15":"product_tag-chef","16":"product_tag-cocteleria","17":"product_tag-comestibles","18":"product_tag-comida","19":"product_tag-comida-criolla","20":"product_tag-comida-peruana","21":"product_tag-comidista","22":"product_tag-conocedor-gourmet","23":"product_tag-curador","24":"product_tag-delivery","25":"product_tag-dinner","26":"product_tag-food","27":"product_tag-food-and-beverage","28":"product_tag-food-lover","29":"product_tag-foodie","30":"product_tag-frutos-rojos","31":"product_tag-frutos-secos","32":"product_tag-instafood","33":"product_tag-instawine","34":"product_tag-licoreria-vino-y-amigos","35":"product_tag-lima","36":"product_tag-lpizza","37":"product_tag-lunch","38":"product_tag-maridaje","39":"product_tag-maridajes","40":"product_tag-miraflores","41":"product_tag-peru","42":"product_tag-pizza","43":"product_tag-pizza-casera","44":"product_tag-pizza-time","45":"product_tag-pizzas","46":"product_tag-quesos","47":"product_tag-restaurante","48":"product_tag-salon","49":"product_tag-tapas","50":"product_tag-tapas-y-piqueos","51":"product_tag-tiempo-del-vino","52":"product_tag-tienda-de-bebidas","53":"product_tag-venta-de-vinos","54":"product_tag-vino","55":"product_tag-wine","56":"product_tag-wine-lover","57":"product_tag-wine-time","58":"product_tag-wines-and-desserts","59":"product_tag-yummy","61":"first","62":"instock","63":"featured","64":"virtual","65":"taxable","66":"product-type-simple"},"_links":{"self":[{"href":"https:\/\/nonamepublicidad.com\/en\/wp-json\/wp\/v2\/product\/8837","targetHints":{"allow":["GET"]}}],"collection":[{"href":"https:\/\/nonamepublicidad.com\/en\/wp-json\/wp\/v2\/product"}],"about":[{"href":"https:\/\/nonamepublicidad.com\/en\/wp-json\/wp\/v2\/types\/product"}],"replies":[{"embeddable":true,"href":"https:\/\/nonamepublicidad.com\/en\/wp-json\/wp\/v2\/comments?post=8837"}],"version-history":[{"count":0,"href":"https:\/\/nonamepublicidad.com\/en\/wp-json\/wp\/v2\/product\/8837\/revisions"}],"wp:featuredmedia":[{"embeddable":true,"href":"https:\/\/nonamepublicidad.com\/en\/wp-json\/wp\/v2\/media\/8831"}],"wp:attachment":[{"href":"https:\/\/nonamepublicidad.com\/en\/wp-json\/wp\/v2\/media?parent=8837"}],"wp:term":[{"taxonomy":"product_brand","embeddable":true,"href":"https:\/\/nonamepublicidad.com\/en\/wp-json\/wp\/v2\/product_brand?post=8837"},{"taxonomy":"product_cat","embeddable":true,"href":"https:\/\/nonamepublicidad.com\/en\/wp-json\/wp\/v2\/product_cat?post=8837"},{"taxonomy":"product_tag","embeddable":true,"href":"https:\/\/nonamepublicidad.com\/en\/wp-json\/wp\/v2\/product_tag?post=8837"}],"curies":[{"name":"wp","href":"https:\/\/api.w.org\/{rel}","templated":true}]}}