{"id":9038,"date":"2021-11-20T08:11:51","date_gmt":"2021-11-20T13:11:51","guid":{"rendered":"http:\/\/nonamepublicidad.com\/?post_type=product&#038;p=9038"},"modified":"2024-12-02T08:49:23","modified_gmt":"2024-12-02T13:49:23","slug":"monedero-bordado-01","status":"publish","type":"product","link":"https:\/\/nonamepublicidad.com\/en\/product\/monedero-bordado-01\/","title":{"rendered":"Monedero Bordado"},"content":{"rendered":"<p><strong>Taller Ventura Bordados del Colca<\/strong><\/p>\n<p>La maquinasqa o hecho a m\u00e1quina, es una t\u00e9cnica ampliamente conocida en el sur andino, con la cual se ha logrado desarrollar s\u00f3lidas tradiciones art\u00edsticas, como lo es el bordado del Valle del Colca.<\/p>\n<p>Caracter\u00edstico por sus complejas figuras hechas a partir del movimiento de la tela bajo la aguja, los dise\u00f1os del Colca evocan la flora y fauna circundante a su territorio, expresando la cosmovisi\u00f3n y sensibilidad andina.<\/p>\n<p>Bajo el liderazgo de don Donato Ventura, maestro bordador de amplia trayectoria, este taller familiar cultiva sus or\u00edgenes en Chivay, capital de la provincia de Caylloma, regi\u00f3n Arequipa.<\/p>\n<p>Adem\u00e1s de la producci\u00f3n tradicional orientada a la elaboraci\u00f3n de indumentaria femenina, como lo son los trajes distintivos de la danza Wititi, los miembros de este taller bordan con esta t\u00e9cnica objetos diversos que han sabido insertarse en nuevos mercados, conquistando nuevos p\u00fablicos.<\/p>\n<p>A lo largo de su camino como maestro artesano, don Donato ha participado en innumerables ferias y exposiciones de arte tradicional nacional, representando a su regi\u00f3n.<\/p>","protected":false},"excerpt":{"rendered":"<p>Monedero bordado en tela gabardina negra con dise\u00f1os caracter\u00edsticos del valle del Colca.<\/p>\n<p>En el bordado del valle del Colca confluyen la destreza del bordador usando la t\u00e9cnica de la maquinasqa (hecho a m\u00e1quina), con la sensibilidad art\u00edstica contenida en la iconograf\u00eda inspirada en la flora y fauna local. Adem\u00e1s, esta pr\u00e1ctica refuerza diversos contenidos simb\u00f3licos enraizados en la cosmovisi\u00f3n Collagua y Cabana, y contribuye al empoderamiento de la identidad cultural de la poblaci\u00f3n del valle del Colca por lo cual en el a\u00f1o 2018 los conocimientos, saberes y pr\u00e1cticas asociados al bordado en el valle del Colca fueron declarados por el Ministerio de Cultura como Patrimonio Cultural de la Naci\u00f3n.<\/p>\n<p>Direcci\u00f3n: <a href=\"https:\/\/goo.gl\/maps\/anS6J5FP5GdY4NzD6\" target=\"_blank\" rel=\"noopener\">Los Angeles, zona A. Mz. Bp, Lt 28. Arequipa, Per\u00fa \/ Cerro Colorado, Arequipa, Arequipa, Per\u00fa<\/a><\/p>\n<p>Contacto: Donato Ventura Huaypuna<\/p>\n<p>Facebook: <a href=\"https:\/\/www.facebook.com\/donatourbano.venturahuaypuna\" target=\"_blank\" rel=\"noopener\">donatourbano.venturahuaypuna<\/a><\/p>\n<p>Correo: <a href=\"mailto:bordadosventura.ruraqmaki@gmail.com\" target=\"_blank\" rel=\"noopener\">bordadosventura.ruraqmaki@gmail.com<\/a><\/p>\n<ul>\n<li>Colores: naturales<\/li>\n<li>Calidad: gabardina<\/li>\n<li>Hecho a mano<\/li>\n<li>Dimensiones: 7 de alto x 9 cm de largo<\/li>\n<li>Imagen referencial<\/li>\n<\/ul>\n<p>Consultas al: <a href=\"tel:51957847636\">(+51) 957847636<\/a><\/p>\n<div class=\"nta_wa_button\" data-id=\"14238\" data-info=\"{&quot;name&quot;:&quot;Bordados Ventura&quot;,&quot;info&quot;:{&quot;number&quot;:&quot;+51957847636&quot;,&quot;title&quot;:&quot;Bordados Ventura | Tienda&quot;,&quot;predefinedText&quot;:&quot;Hola Donato Ventura. Me gustar\\u00eda m\\u00e1s informaci\\u00f3n de [njwa_page_title] Este es el link [njwa_page_url]&quot;,&quot;willBeBackText&quot;:&quot;I will be back in [njwa_time_work]&quot;,&quot;dayOffsText&quot;:&quot;I will be back soon&quot;,&quot;isAlwaysAvailable&quot;:&quot;ON&quot;,&quot;daysOfWeekWorking&quot;:{&quot;sunday&quot;:{&quot;isWorkingOnDay&quot;:&quot;OFF&quot;,&quot;workHours&quot;:[{&quot;startTime&quot;:&quot;08:00&quot;,&quot;endTime&quot;:&quot;17:30&quot;}]},&quot;monday&quot;:{&quot;isWorkingOnDay&quot;:&quot;OFF&quot;,&quot;workHours&quot;:[{&quot;startTime&quot;:&quot;08:00&quot;,&quot;endTime&quot;:&quot;17:30&quot;}]},&quot;tuesday&quot;:{&quot;isWorkingOnDay&quot;:&quot;OFF&quot;,&quot;workHours&quot;:[{&quot;startTime&quot;:&quot;08:00&quot;,&quot;endTime&quot;:&quot;17:30&quot;}]},&quot;wednesday&quot;:{&quot;isWorkingOnDay&quot;:&quot;OFF&quot;,&quot;workHours&quot;:[{&quot;startTime&quot;:&quot;08:00&quot;,&quot;endTime&quot;:&quot;17:30&quot;}]},&quot;thursday&quot;:{&quot;isWorkingOnDay&quot;:&quot;OFF&quot;,&quot;workHours&quot;:[{&quot;startTime&quot;:&quot;08:00&quot;,&quot;endTime&quot;:&quot;17:30&quot;}]},&quot;friday&quot;:{&quot;isWorkingOnDay&quot;:&quot;OFF&quot;,&quot;workHours&quot;:[{&quot;startTime&quot;:&quot;08:00&quot;,&quot;endTime&quot;:&quot;17:30&quot;}]},&quot;saturday&quot;:{&quot;isWorkingOnDay&quot;:&quot;OFF&quot;,&quot;workHours&quot;:[{&quot;startTime&quot;:&quot;08:00&quot;,&quot;endTime&quot;:&quot;17:30&quot;}]}}},&quot;styles&quot;:{&quot;type&quot;:&quot;round&quot;,&quot;backgroundColor&quot;:&quot;#2DB742&quot;,&quot;textColor&quot;:&quot;#fff&quot;,&quot;label&quot;:&quot;Necesitas ayuda? Hablemos&quot;,&quot;width&quot;:300,&quot;height&quot;:64},&quot;avatar&quot;:&quot;https:\\\/\\\/nonamepublicidad.com\\\/wp-content\\\/uploads\\\/2021\\\/12\\\/sombrero_tradicional_bordado_01.webp&quot;,&quot;options&quot;:{&quot;display&quot;:{&quot;displayCondition&quot;:&quot;showAllPage&quot;,&quot;includePages&quot;:[],&quot;excludePages&quot;:[],&quot;includePosts&quot;:[],&quot;showOnDesktop&quot;:&quot;ON&quot;,&quot;showOnMobile&quot;:&quot;ON&quot;,&quot;time_symbols&quot;:&quot;h:m&quot;},&quot;styles&quot;:{&quot;title&quot;:&quot;Start a Conversation&quot;,&quot;responseText&quot;:&quot;The team typically replies in a few minutes.&quot;,&quot;description&quot;:&quot;Hi! Click one of our member below to chat on &lt;strong&gt;WhatsApp&lt;\\\/strong&gt;&quot;,&quot;backgroundColor&quot;:&quot;#2db742&quot;,&quot;textColor&quot;:&quot;#fff&quot;,&quot;scrollHeight&quot;:500,&quot;isShowScroll&quot;:&quot;OFF&quot;,&quot;isShowResponseText&quot;:&quot;ON&quot;,&quot;isShowPoweredBy&quot;:&quot;ON&quot;,&quot;btnLabel&quot;:&quot;Need Help? &lt;strong&gt;Chat with us&lt;\\\/strong&gt;&quot;,&quot;btnLabelWidth&quot;:156,&quot;btnPosition&quot;:&quot;right&quot;,&quot;btnLeftDistance&quot;:30,&quot;btnRightDistance&quot;:30,&quot;btnBottomDistance&quot;:30,&quot;isShowBtnLabel&quot;:&quot;ON&quot;,&quot;isShowGDPR&quot;:&quot;OFF&quot;,&quot;gdprContent&quot;:&quot;Please accept our &lt;a href=\\&quot;https:\\\/\\\/ninjateam.org\\\/privacy-policy\\\/\\&quot;&gt;privacy policy&lt;\\\/a&gt; first to start a conversation.&quot;,&quot;widgetType&quot;:&quot;expandable&quot;},&quot;analytics&quot;:{&quot;enabledGoogle&quot;:&quot;OFF&quot;,&quot;enabledFacebook&quot;:&quot;OFF&quot;,&quot;enabledGoogleGA4&quot;:&quot;OFF&quot;}},&quot;gdprStatus&quot;:false,&quot;defaultAvatar&quot;:&quot;https:\\\/\\\/nonamepublicidad.com\\\/wp-content\\\/plugins\\\/whatsapp-for-wordpress\\\/assets\\\/img\\\/whatsapp_logo.svg&quot;}\"><\/div>\n<div style=\"visibility: hidden;\">industria textil, ropa y accesorios, moda, textil, moda urbana, hecho a mano, ecologico, artesan\u00eda de arequipa, textiles arequipe\u00f1os, taller textil de arequipa, monedero bordado del colca, monedero bordado para var\u00f3n, monedero bordado, monedero<\/div>\n","protected":false},"featured_media":9037,"comment_status":"open","ping_status":"closed","template":"","meta":[],"product_brand":[],"product_cat":[129,128],"product_tag":[1680,1606,705,1495,581,1214,1745,1746,1747,1498,1682,580,1681],"class_list":{"0":"post-9038","1":"product","2":"type-product","3":"status-publish","4":"has-post-thumbnail","6":"product_cat-accesorios-de-moda","7":"product_cat-ropa-y-accesorios","8":"product_tag-artesania-de-arequipa","9":"product_tag-ecologico","10":"product_tag-hecho-a-mano","11":"product_tag-industria-textil","12":"product_tag-moda","13":"product_tag-moda-urbana","14":"product_tag-monedero-bordado","15":"product_tag-monedero-bordado-del-colca","16":"product_tag-monedero-bordado-para-varon","17":"product_tag-ropa-y-accesorios","18":"product_tag-taller-textil-de-arequipa","19":"product_tag-textil","20":"product_tag-textiles-arequipenos","22":"first","23":"instock","24":"taxable","25":"shipping-taxable","26":"purchasable","27":"product-type-simple"},"_links":{"self":[{"href":"https:\/\/nonamepublicidad.com\/en\/wp-json\/wp\/v2\/product\/9038","targetHints":{"allow":["GET"]}}],"collection":[{"href":"https:\/\/nonamepublicidad.com\/en\/wp-json\/wp\/v2\/product"}],"about":[{"href":"https:\/\/nonamepublicidad.com\/en\/wp-json\/wp\/v2\/types\/product"}],"replies":[{"embeddable":true,"href":"https:\/\/nonamepublicidad.com\/en\/wp-json\/wp\/v2\/comments?post=9038"}],"version-history":[{"count":0,"href":"https:\/\/nonamepublicidad.com\/en\/wp-json\/wp\/v2\/product\/9038\/revisions"}],"wp:featuredmedia":[{"embeddable":true,"href":"https:\/\/nonamepublicidad.com\/en\/wp-json\/wp\/v2\/media\/9037"}],"wp:attachment":[{"href":"https:\/\/nonamepublicidad.com\/en\/wp-json\/wp\/v2\/media?parent=9038"}],"wp:term":[{"taxonomy":"product_brand","embeddable":true,"href":"https:\/\/nonamepublicidad.com\/en\/wp-json\/wp\/v2\/product_brand?post=9038"},{"taxonomy":"product_cat","embeddable":true,"href":"https:\/\/nonamepublicidad.com\/en\/wp-json\/wp\/v2\/product_cat?post=9038"},{"taxonomy":"product_tag","embeddable":true,"href":"https:\/\/nonamepublicidad.com\/en\/wp-json\/wp\/v2\/product_tag?post=9038"}],"curies":[{"name":"wp","href":"https:\/\/api.w.org\/{rel}","templated":true}]}}