{"id":9208,"date":"2021-12-01T00:00:04","date_gmt":"2021-12-01T05:00:04","guid":{"rendered":"http:\/\/nonamepublicidad.com\/?post_type=product&#038;p=9208"},"modified":"2024-12-02T08:49:24","modified_gmt":"2024-12-02T13:49:24","slug":"claudio-aboy-ilustrador","status":"publish","type":"product","link":"https:\/\/nonamepublicidad.com\/en\/product\/claudio-aboy-ilustrador\/","title":{"rendered":"Claudio Aboy Ilustrador"},"content":{"rendered":"<p align=\"center\"><iframe title=\"YouTube video player\" src=\"https:\/\/www.youtube.com\/embed\/Yx03siPPcUg\" width=\"560\" height=\"315\" frameborder=\"0\" allowfullscreen=\"allowfullscreen\"><\/iframe><\/p>\n<p>&nbsp;<\/p>\n<p>Claudio Aboy dibujante, ilustrador y pintor argentino.<\/p>\n<p>Su pasi\u00f3n por el arte lo llevo a trabajar en estudios gr\u00e1ficos, agencias de publicidad, editoriales y estudios de dise\u00f1o en Argentina.<\/p>\n<p>Utilizando t\u00e9cnicas tradicionales como \u00f3leo, acr\u00edlico y aer\u00f3grafo.<\/p>\n<p>Trabajo ilustraciones para bandas de rock como Rata Blanca, editoriales como DC Comics, Sideshow, Acme Archives, libros de arte SQP INK y en Europa para Bastei Lassiter y Lanciostory, entre otros.<\/p>\n<p>Actualmente trabaja para Lucasfilm realizando pinturas al \u00f3leo de Star Wars, que luego son impresas para posters de edici\u00f3n limitada y comercializadas dentro de los parques de Disney.<\/p>\n<p>Tambi\u00e9n participa activamente en eventos (Comic Con, D\u00eda del Comic Festival, Comic Convention Latinamerica, Fantastic Experience, Star Fest Chile, Tattoo Show, Punta Anime, etc) por todo Latinoam\u00e9rica y el resto del mundo mostrando su arte y conocimiento a miles de fans de personajes inmortalizados en sus ilustraciones.<\/p>\n<p>&nbsp;<\/p>\n<p>Este anuncio fue autorizado por el ilustrador &#8211; artista Claudio Aboy. La informaci\u00f3n e im\u00e1genes mostradas son manejadas responsablemente. Muchas gracias por confiar en Noname.<\/p>","protected":false},"excerpt":{"rendered":"<p>Facebook: <a href=\"https:\/\/www.facebook.com\/claudio.aboy\" target=\"_blank\" rel=\"noopener\">claudio.aboy<\/a><\/p>\n<p>Instagram: <a href=\"https:\/\/www.instagram.com\/claudioaboy\/\" target=\"_blank\" rel=\"noopener\">@claudioaboy<\/a><\/p>\n<p>Galer\u00eda \u00abDisney Art On Main Street\u00bb :\u00a0 <a href=\"https:\/\/disneyartonmain.com\/search?options%5Bunavailable_products%5D=hide&amp;options%5Bprefix%5D=last&amp;type=product&amp;q=claudio+aboy+\" target=\"_blank\" rel=\"noopener\">disneyartonmain.com\/claudio.aboy<\/a><\/p>\n<p>Galer\u00eda \u00abAcme Archives Direct\u00bb : <a href=\"https:\/\/www.acmearchivesdirect.com\/pages\/search-results-page?q=claudio+aboy\" target=\"_blank\" rel=\"noopener\">acmearchivesdirect.com\/claudio.aboy<\/a><\/p>\n<p>Galer\u00eda \u00abSideshow Fine Art Print\u00bb : <a href=\"https:\/\/art.sideshow.com\/art-prints\/marvel-new-world-order-acme-archives-501716u#\" target=\"_blank\" rel=\"noopener\">art.sideshow.com\/claudio.aboy<\/a><\/p>\n<div style=\"visibility: hidden;\">claudio aboy, claudio aboy art, claudio aboy art gallery, star wars, ilustrador, prints, lucasfilm, claudioaboyart, george lucas, artista, superheroes, dibujante, disney, dc comics, arte, pintura, \u00f3leo, cuadro, guerra de las galaxias<\/div>","protected":false},"featured_media":9207,"comment_status":"open","ping_status":"closed","template":"","meta":[],"product_brand":[],"product_cat":[241,243],"product_tag":[703,1780,1772,1773,1774,1778,1786,1783,1782,1487,1779,1787,1775,1777,1785,1784,1776,1046,1781],"class_list":{"0":"post-9208","1":"product","2":"type-product","3":"status-publish","4":"has-post-thumbnail","6":"product_cat-arte-y-antiguedades","7":"product_cat-arte-libreria-y-merceria","8":"product_tag-arte","9":"product_tag-artista","10":"product_tag-claudio-aboy","11":"product_tag-claudio-aboy-art","12":"product_tag-claudio-aboy-art-gallery","13":"product_tag-claudioaboyart","14":"product_tag-cuadro","15":"product_tag-dc-comics","16":"product_tag-dibujante","17":"product_tag-disney","18":"product_tag-george-lucas","19":"product_tag-guerra-de-las-galaxias","20":"product_tag-ilustrador","21":"product_tag-lucasfilm","22":"product_tag-oleo","23":"product_tag-pintura","24":"product_tag-prints","25":"product_tag-star-wars","26":"product_tag-superheroes","28":"first","29":"instock","30":"featured","31":"virtual","32":"taxable","33":"product-type-simple"},"_links":{"self":[{"href":"https:\/\/nonamepublicidad.com\/en\/wp-json\/wp\/v2\/product\/9208","targetHints":{"allow":["GET"]}}],"collection":[{"href":"https:\/\/nonamepublicidad.com\/en\/wp-json\/wp\/v2\/product"}],"about":[{"href":"https:\/\/nonamepublicidad.com\/en\/wp-json\/wp\/v2\/types\/product"}],"replies":[{"embeddable":true,"href":"https:\/\/nonamepublicidad.com\/en\/wp-json\/wp\/v2\/comments?post=9208"}],"version-history":[{"count":0,"href":"https:\/\/nonamepublicidad.com\/en\/wp-json\/wp\/v2\/product\/9208\/revisions"}],"wp:featuredmedia":[{"embeddable":true,"href":"https:\/\/nonamepublicidad.com\/en\/wp-json\/wp\/v2\/media\/9207"}],"wp:attachment":[{"href":"https:\/\/nonamepublicidad.com\/en\/wp-json\/wp\/v2\/media?parent=9208"}],"wp:term":[{"taxonomy":"product_brand","embeddable":true,"href":"https:\/\/nonamepublicidad.com\/en\/wp-json\/wp\/v2\/product_brand?post=9208"},{"taxonomy":"product_cat","embeddable":true,"href":"https:\/\/nonamepublicidad.com\/en\/wp-json\/wp\/v2\/product_cat?post=9208"},{"taxonomy":"product_tag","embeddable":true,"href":"https:\/\/nonamepublicidad.com\/en\/wp-json\/wp\/v2\/product_tag?post=9208"}],"curies":[{"name":"wp","href":"https:\/\/api.w.org\/{rel}","templated":true}]}}