{"id":9302,"date":"2021-12-10T00:43:07","date_gmt":"2021-12-10T05:43:07","guid":{"rendered":"http:\/\/nonamepublicidad.com\/?post_type=product&#038;p=9302"},"modified":"2024-12-02T08:49:24","modified_gmt":"2024-12-02T13:49:24","slug":"aretes-atrapa-suenos-de-plata","status":"publish","type":"product","link":"https:\/\/nonamepublicidad.com\/en\/product\/aretes-atrapa-suenos-de-plata\/","title":{"rendered":"Aretes Atrapa Sue\u00f1os de Plata"},"content":{"rendered":"<p>Bonny Joyas, dise\u00f1a, elabora y comercializa productos de joyer\u00eda en oro y plata, desde la filigrana, tejido y bisuter\u00eda fina de manera artesanal utilizando accesorios eco-amigables.<\/p>\n<p>Bonny Cobe\u00f1as Ancajima, es una artesana que trabaja desde hace m\u00e1s de 10 a\u00f1os en este rubro, estudia y se capacita para mejorar d\u00eda a d\u00eda en procesos del producto y lograr la satisfacci\u00f3n del cliente.<\/p>\n<p align=\"center\"><iframe style=\"border: 0;\" src=\"https:\/\/www.google.com\/maps\/embed?pb=!1m18!1m12!1m3!1d3972.988074033261!2d-80.67851034943311!3d-5.264523754366508!2m3!1f0!2f0!3f0!3m2!1i1024!2i768!4f13.1!3m3!1m2!1s0x904a19a09098e2bb%3A0x8eab6f7981ba97a!2sAsociaci%C3%B3n%20de%20Artesanos%20Catacaos%20(%22ASARCAT%22)!5e0!3m2!1ses-419!2spe!4v1639004460134!5m2!1ses-419!2spe\" width=\"600\" height=\"450\" allowfullscreen=\"allowfullscreen\"><\/iframe><\/p>","protected":false},"excerpt":{"rendered":"<p>Atrapa sue\u00f1os, s\u00f3lo se quedan los buenos sue\u00f1os para que estos se cumplan, tiene de accesorio una piedra de color rojo que define tu personalidad. Finamente hechos a mano con hilos de plata, ideal para resaltar en una ocasi\u00f3n importante y destacara sobre las dem\u00e1s.<\/p>\n<p>Direcci\u00f3n: <a href=\"https:\/\/goo.gl\/maps\/EN3UXrZKwysFQREJA\" target=\"_blank\" rel=\"noopener\">Jr. Comercio 400 stand 57 Asociaci\u00f3n de Artesanos Catacaos Piura Per\u00fa<\/a><\/p>\n<p>Contacto: Bonny Cobe\u00f1as Ancajima<\/p>\n<p>Web: <a href=\"https:\/\/bonnyjoyas.com\/inicio.php\" target=\"_blank\" rel=\"noopener\">bonnyjoyas.com<\/a><\/p>\n<p>Facebook: <a href=\"https:\/\/www.facebook.com\/BonnyJoyas\/\" target=\"_blank\" rel=\"noopener\">Bonny Joyas<\/a><\/p>\n<p>Instagram: <a href=\"https:\/\/www.instagram.com\/bonnyjoyascatacaos\/\" target=\"_blank\" rel=\"noopener\">Bonnyjoyascatacaos<\/a><\/p>\n<p>Correos: <a href=\"mailto:bcajoyas@gmail.com\">bcajoyas@gmail.com<\/a> | <a href=\"mailto:ibonne_3@hotmail.com\">ibonne_3@hotmail.com<\/a> | <a href=\"mailto:bonnyjoyas@outlook.com\">bonnyjoyas@outlook.com<\/a><\/p>\n<ul>\n<li>Plata fina de 925 y 950<\/li>\n<li>Medida 7.5 cm<\/li>\n<li>Hecho a mano<\/li>\n<li>Imagen referencial<\/li>\n<\/ul>\n<p>Consultas: <a href=\"tel:51969915364\">(+51) 969915364<\/a> | <a href=\"tel:073370452\">(+51) (073)370452<\/a><\/p>\n<div class=\"nta_wa_button\" data-id=\"14225\" data-info=\"{&quot;name&quot;:&quot;Bonny Joyas&quot;,&quot;info&quot;:{&quot;number&quot;:&quot;+51969915364&quot;,&quot;title&quot;:&quot;Bonny Joyas | Tienda&quot;,&quot;predefinedText&quot;:&quot;Hola Bonny Cobe\\u00f1as. Me gustar\\u00eda m\\u00e1s informaci\\u00f3n de [njwa_page_title] Este es el link [njwa_page_url]&quot;,&quot;willBeBackText&quot;:&quot;I will be back in [njwa_time_work]&quot;,&quot;dayOffsText&quot;:&quot;I will be back soon&quot;,&quot;isAlwaysAvailable&quot;:&quot;ON&quot;,&quot;daysOfWeekWorking&quot;:{&quot;sunday&quot;:{&quot;isWorkingOnDay&quot;:&quot;OFF&quot;,&quot;workHours&quot;:[{&quot;startTime&quot;:&quot;08:00&quot;,&quot;endTime&quot;:&quot;17:30&quot;}]},&quot;monday&quot;:{&quot;isWorkingOnDay&quot;:&quot;OFF&quot;,&quot;workHours&quot;:[{&quot;startTime&quot;:&quot;08:00&quot;,&quot;endTime&quot;:&quot;17:30&quot;}]},&quot;tuesday&quot;:{&quot;isWorkingOnDay&quot;:&quot;OFF&quot;,&quot;workHours&quot;:[{&quot;startTime&quot;:&quot;08:00&quot;,&quot;endTime&quot;:&quot;17:30&quot;}]},&quot;wednesday&quot;:{&quot;isWorkingOnDay&quot;:&quot;OFF&quot;,&quot;workHours&quot;:[{&quot;startTime&quot;:&quot;08:00&quot;,&quot;endTime&quot;:&quot;17:30&quot;}]},&quot;thursday&quot;:{&quot;isWorkingOnDay&quot;:&quot;OFF&quot;,&quot;workHours&quot;:[{&quot;startTime&quot;:&quot;08:00&quot;,&quot;endTime&quot;:&quot;17:30&quot;}]},&quot;friday&quot;:{&quot;isWorkingOnDay&quot;:&quot;OFF&quot;,&quot;workHours&quot;:[{&quot;startTime&quot;:&quot;08:00&quot;,&quot;endTime&quot;:&quot;17:30&quot;}]},&quot;saturday&quot;:{&quot;isWorkingOnDay&quot;:&quot;OFF&quot;,&quot;workHours&quot;:[{&quot;startTime&quot;:&quot;08:00&quot;,&quot;endTime&quot;:&quot;17:30&quot;}]}}},&quot;styles&quot;:{&quot;type&quot;:&quot;round&quot;,&quot;backgroundColor&quot;:&quot;#2DB742&quot;,&quot;textColor&quot;:&quot;#fff&quot;,&quot;label&quot;:&quot;Necesitas ayuda? Hablemos&quot;,&quot;width&quot;:300,&quot;height&quot;:64},&quot;avatar&quot;:&quot;https:\\\/\\\/nonamepublicidad.com\\\/wp-content\\\/uploads\\\/2021\\\/12\\\/anillos_de_compromiso_de_plata_con_zircon.webp&quot;,&quot;options&quot;:{&quot;display&quot;:{&quot;displayCondition&quot;:&quot;showAllPage&quot;,&quot;includePages&quot;:[],&quot;excludePages&quot;:[],&quot;includePosts&quot;:[],&quot;showOnDesktop&quot;:&quot;ON&quot;,&quot;showOnMobile&quot;:&quot;ON&quot;,&quot;time_symbols&quot;:&quot;h:m&quot;},&quot;styles&quot;:{&quot;title&quot;:&quot;Start a Conversation&quot;,&quot;responseText&quot;:&quot;The team typically replies in a few minutes.&quot;,&quot;description&quot;:&quot;Hi! Click one of our member below to chat on &lt;strong&gt;WhatsApp&lt;\\\/strong&gt;&quot;,&quot;backgroundColor&quot;:&quot;#2db742&quot;,&quot;textColor&quot;:&quot;#fff&quot;,&quot;scrollHeight&quot;:500,&quot;isShowScroll&quot;:&quot;OFF&quot;,&quot;isShowResponseText&quot;:&quot;ON&quot;,&quot;isShowPoweredBy&quot;:&quot;ON&quot;,&quot;btnLabel&quot;:&quot;Need Help? &lt;strong&gt;Chat with us&lt;\\\/strong&gt;&quot;,&quot;btnLabelWidth&quot;:156,&quot;btnPosition&quot;:&quot;right&quot;,&quot;btnLeftDistance&quot;:30,&quot;btnRightDistance&quot;:30,&quot;btnBottomDistance&quot;:30,&quot;isShowBtnLabel&quot;:&quot;ON&quot;,&quot;isShowGDPR&quot;:&quot;OFF&quot;,&quot;gdprContent&quot;:&quot;Please accept our &lt;a href=\\&quot;https:\\\/\\\/ninjateam.org\\\/privacy-policy\\\/\\&quot;&gt;privacy policy&lt;\\\/a&gt; first to start a conversation.&quot;,&quot;widgetType&quot;:&quot;expandable&quot;},&quot;analytics&quot;:{&quot;enabledGoogle&quot;:&quot;OFF&quot;,&quot;enabledFacebook&quot;:&quot;OFF&quot;,&quot;enabledGoogleGA4&quot;:&quot;OFF&quot;}},&quot;gdprStatus&quot;:false,&quot;defaultAvatar&quot;:&quot;https:\\\/\\\/nonamepublicidad.com\\\/wp-content\\\/plugins\\\/whatsapp-for-wordpress\\\/assets\\\/img\\\/whatsapp_logo.svg&quot;}\"><\/div>\n<div style=\"visibility: hidden;\">aretes tejidos de plata, aretes de plata, plata, catacaos, piura, norte del per\u00fa, joyas de plata, joyer\u00eda tradicional, joyer\u00eda peruana, joyer\u00eda, joyas personalizadas, joyer\u00eda fina, bisuter\u00eda, bisuter\u00eda artesanal, bisuter\u00eda peruana<\/div>\n","protected":false},"featured_media":9301,"comment_status":"open","ping_status":"closed","template":"","meta":[],"product_brand":[],"product_cat":[482,479],"product_tag":[1806,1805,1619,1825,1826,1817,1820,1823,1620,1824,1822,1821,1819,1818,1811],"class_list":{"0":"post-9302","1":"product","2":"type-product","3":"status-publish","4":"has-post-thumbnail","6":"product_cat-joyas","7":"product_cat-joyas-y-relojes","8":"product_tag-aretes-de-plata","9":"product_tag-aretes-tejidos-de-plata","10":"product_tag-bisuteria","11":"product_tag-bisuteria-artesanal","12":"product_tag-bisuteria-peruana","13":"product_tag-catacaos","14":"product_tag-joyas-de-plata","15":"product_tag-joyas-personalizadas","16":"product_tag-joyeria","17":"product_tag-joyeria-fina","18":"product_tag-joyeria-peruana","19":"product_tag-joyeria-tradicional","20":"product_tag-norte-del-peru","21":"product_tag-piura","22":"product_tag-plata","24":"first","25":"instock","26":"virtual","27":"taxable","28":"product-type-simple"},"_links":{"self":[{"href":"https:\/\/nonamepublicidad.com\/en\/wp-json\/wp\/v2\/product\/9302","targetHints":{"allow":["GET"]}}],"collection":[{"href":"https:\/\/nonamepublicidad.com\/en\/wp-json\/wp\/v2\/product"}],"about":[{"href":"https:\/\/nonamepublicidad.com\/en\/wp-json\/wp\/v2\/types\/product"}],"replies":[{"embeddable":true,"href":"https:\/\/nonamepublicidad.com\/en\/wp-json\/wp\/v2\/comments?post=9302"}],"version-history":[{"count":0,"href":"https:\/\/nonamepublicidad.com\/en\/wp-json\/wp\/v2\/product\/9302\/revisions"}],"wp:featuredmedia":[{"embeddable":true,"href":"https:\/\/nonamepublicidad.com\/en\/wp-json\/wp\/v2\/media\/9301"}],"wp:attachment":[{"href":"https:\/\/nonamepublicidad.com\/en\/wp-json\/wp\/v2\/media?parent=9302"}],"wp:term":[{"taxonomy":"product_brand","embeddable":true,"href":"https:\/\/nonamepublicidad.com\/en\/wp-json\/wp\/v2\/product_brand?post=9302"},{"taxonomy":"product_cat","embeddable":true,"href":"https:\/\/nonamepublicidad.com\/en\/wp-json\/wp\/v2\/product_cat?post=9302"},{"taxonomy":"product_tag","embeddable":true,"href":"https:\/\/nonamepublicidad.com\/en\/wp-json\/wp\/v2\/product_tag?post=9302"}],"curies":[{"name":"wp","href":"https:\/\/api.w.org\/{rel}","templated":true}]}}