{"id":9401,"date":"2021-12-13T22:25:04","date_gmt":"2021-12-14T03:25:04","guid":{"rendered":"http:\/\/nonamepublicidad.com\/?post_type=product&#038;p=9401"},"modified":"2024-12-02T08:49:24","modified_gmt":"2024-12-02T13:49:24","slug":"escultura-sikuri-de-hojalata","status":"publish","type":"product","link":"https:\/\/nonamepublicidad.com\/en\/product\/escultura-sikuri-de-hojalata\/","title":{"rendered":"Escultura Sikuri de Hojalata"},"content":{"rendered":"<p align=\"center\"><iframe title=\"YouTube video player\" src=\"https:\/\/www.youtube.com\/embed\/cHTyAlxXvB8\" width=\"560\" height=\"315\" frameborder=\"0\" allowfullscreen=\"allowfullscreen\"><\/iframe><\/p>\n<p>&nbsp;<\/p>\n<p>Pachacutec Huam\u00e1n es un artista cusque\u00f1o, dedicado a la escultura en hierro. Su proceso de investigaci\u00f3n le ha permitido rescatar las antiguas t\u00e9cnicas y est\u00e9tica de los hojalateros cusque\u00f1os, las que conjuga con procedimientos contempor\u00e1neos en los que emplea esta\u00f1o fundido y aluminio arrugado.<\/p>\n<p>Formado en la Escuela de Bellas Artes Diego Quispe Tito de Cusco y capacitado como artesano en M\u00e9xico, las obras de Pachacutec Huam\u00e1n han sido expuestas en galer\u00edas de arte y distintos eventos nacionales e internacionales. Actualmente, el artista ense\u00f1a hojalater\u00eda a estudiantes extranjeros en su taller, ubicado en Andahuaylillas, el cual forma parte de la Ruta del Barroco Andino del Valle Sur de Cusco.<\/p>\n<p>&nbsp;<\/p>\n<p>Trayectoria del Artista<\/p>\n<p>El arte de la metalister\u00eda tiene en Pachacutec Huam\u00e1n a la cuarta generaci\u00f3n de forjadores de hierro. Hijo de Heber Huam\u00e1n Altamirano, destacado escultor tradicional, Pachacutec naci\u00f3 y creci\u00f3 entre el metal y el fuego. De su padre, aprendi\u00f3 las t\u00e9cnicas de la escultura en hierro forjado y, sobre todo, las t\u00e9cnicas primarias de la hojalater\u00eda.\u00a0 Asimismo, estudi\u00f3 en la Escuela de Bellas Artes Diego Quispe Tito de Cusco y realiz\u00f3 una pasant\u00eda en el Fondo Nacional para el Fomento de las Artesan\u00edas de M\u00e9xico. La obra de Pachacutec se encuentra entre lo tradicional y lo contempor\u00e1neo, siendo el resultado de un proceso de investigaci\u00f3n y rescate de las antiguas t\u00e9cnicas de trabajo en hojalata (repujado, cincelado y martillado), y de la experimentaci\u00f3n con t\u00e9cnicas contempor\u00e1neas como el esta\u00f1o fundido y el aluminio arrugado.\u00a0 Por la originalidad de su obra, fue invitado a la Feria Tricontinental de Artesan\u00eda 2016, realizada en Tenerife, Espa\u00f1a; espacio que reuni\u00f3 a 150 artesanos de Europa, \u00c1frica y Am\u00e9rica.<\/p>\n<p>&nbsp;<\/p>\n<p>Este anuncio fue autorizado por el artista &#8211; Fernando Pachacutec Huam\u00e1n Yuca. La informaci\u00f3n e im\u00e1genes mostradas son manejadas responsablemente. Muchas gracias por confiar en Noname.<\/p>","protected":false},"excerpt":{"rendered":"<p>El sonido de los sikuris, instrumento de viento realizado con ca\u00f1as, nos transporta a la \u00e9poca prehisp\u00e1nica. Sus vibraciones duales nos hacen danzar con la pachamama, con el origen, con la vida y la muerte. Esta escultura representa a un m\u00fasico tocando el sikuri en una ceremonia ancestral.<\/p>\n<p>La pieza est\u00e1 elaborada en hojalata trabajada con antiguas t\u00e9cnicas de repujado, cincelado y martillado, que permiten lograr los finos acabados. El artista tambi\u00e9n experimenta con t\u00e9cnicas contempor\u00e1neas, como es el uso del esta\u00f1o fundido y el aluminio arrugado.<\/p>\n<p>Direcci\u00f3n: Calle Tacna 805 Andahuaylas Cusco &#8211; Ruta del Barroco Andino<\/p>\n<p>Contacto: Fernando Pachacutec Huam\u00e1n Yuca<\/p>\n<p>Facebook: <a href=\"https:\/\/www.facebook.com\/PachacutecHuamanY\/\" target=\"_blank\" rel=\"noopener\">PachacutecHuamanY<\/a><\/p>\n<p>Correos: <a href=\"mailto:pachacutecwaman@gmail.com\">pachacutecwaman@gmail.com<\/a><\/p>\n<ul>\n<li>Material: hojalata<\/li>\n<li>Hecho a mano<\/li>\n<li>Medidas 50 x 15 x 15 cm<\/li>\n<li>Se hacen trabajos a pedido<\/li>\n<li>Imagen referencial<\/li>\n<\/ul>\n<p>Consultas: <a href=\"tel:51987973209\">(+51) 987973209<\/a> | <a href=\"tel:51944238225\">(+51) 944238225<\/a><\/p>\n<div class=\"nta_wa_button\" data-id=\"14211\" data-info=\"{&quot;name&quot;:&quot;Pachacutec Huaman Vendedor 1&quot;,&quot;info&quot;:{&quot;number&quot;:&quot;+51987973209&quot;,&quot;title&quot;:&quot;Pachacutec Huaman | Tienda&quot;,&quot;predefinedText&quot;:&quot;Hola Pachacutec Huaman. Me gustar\\u00eda m\\u00e1s informaci\\u00f3n de [njwa_page_title] Este es el link [njwa_page_url]&quot;,&quot;willBeBackText&quot;:&quot;I will be back in [njwa_time_work]&quot;,&quot;dayOffsText&quot;:&quot;I will be back soon&quot;,&quot;isAlwaysAvailable&quot;:&quot;ON&quot;,&quot;daysOfWeekWorking&quot;:{&quot;sunday&quot;:{&quot;isWorkingOnDay&quot;:&quot;OFF&quot;,&quot;workHours&quot;:[{&quot;startTime&quot;:&quot;08:00&quot;,&quot;endTime&quot;:&quot;17:30&quot;}]},&quot;monday&quot;:{&quot;isWorkingOnDay&quot;:&quot;OFF&quot;,&quot;workHours&quot;:[{&quot;startTime&quot;:&quot;08:00&quot;,&quot;endTime&quot;:&quot;17:30&quot;}]},&quot;tuesday&quot;:{&quot;isWorkingOnDay&quot;:&quot;OFF&quot;,&quot;workHours&quot;:[{&quot;startTime&quot;:&quot;08:00&quot;,&quot;endTime&quot;:&quot;17:30&quot;}]},&quot;wednesday&quot;:{&quot;isWorkingOnDay&quot;:&quot;OFF&quot;,&quot;workHours&quot;:[{&quot;startTime&quot;:&quot;08:00&quot;,&quot;endTime&quot;:&quot;17:30&quot;}]},&quot;thursday&quot;:{&quot;isWorkingOnDay&quot;:&quot;OFF&quot;,&quot;workHours&quot;:[{&quot;startTime&quot;:&quot;08:00&quot;,&quot;endTime&quot;:&quot;17:30&quot;}]},&quot;friday&quot;:{&quot;isWorkingOnDay&quot;:&quot;OFF&quot;,&quot;workHours&quot;:[{&quot;startTime&quot;:&quot;08:00&quot;,&quot;endTime&quot;:&quot;17:30&quot;}]},&quot;saturday&quot;:{&quot;isWorkingOnDay&quot;:&quot;OFF&quot;,&quot;workHours&quot;:[{&quot;startTime&quot;:&quot;08:00&quot;,&quot;endTime&quot;:&quot;17:30&quot;}]}}},&quot;styles&quot;:{&quot;type&quot;:&quot;round&quot;,&quot;backgroundColor&quot;:&quot;#2DB742&quot;,&quot;textColor&quot;:&quot;#fff&quot;,&quot;label&quot;:&quot;Necesitas ayuda? Hablemos&quot;,&quot;width&quot;:300,&quot;height&quot;:64},&quot;avatar&quot;:&quot;https:\\\/\\\/nonamepublicidad.com\\\/wp-content\\\/uploads\\\/2021\\\/12\\\/salamandra_tornasolada_escultura_de_hojalata.webp&quot;,&quot;options&quot;:{&quot;display&quot;:{&quot;displayCondition&quot;:&quot;showAllPage&quot;,&quot;includePages&quot;:[],&quot;excludePages&quot;:[],&quot;includePosts&quot;:[],&quot;showOnDesktop&quot;:&quot;ON&quot;,&quot;showOnMobile&quot;:&quot;ON&quot;,&quot;time_symbols&quot;:&quot;h:m&quot;},&quot;styles&quot;:{&quot;title&quot;:&quot;Start a Conversation&quot;,&quot;responseText&quot;:&quot;The team typically replies in a few minutes.&quot;,&quot;description&quot;:&quot;Hi! Click one of our member below to chat on &lt;strong&gt;WhatsApp&lt;\\\/strong&gt;&quot;,&quot;backgroundColor&quot;:&quot;#2db742&quot;,&quot;textColor&quot;:&quot;#fff&quot;,&quot;scrollHeight&quot;:500,&quot;isShowScroll&quot;:&quot;OFF&quot;,&quot;isShowResponseText&quot;:&quot;ON&quot;,&quot;isShowPoweredBy&quot;:&quot;ON&quot;,&quot;btnLabel&quot;:&quot;Need Help? &lt;strong&gt;Chat with us&lt;\\\/strong&gt;&quot;,&quot;btnLabelWidth&quot;:156,&quot;btnPosition&quot;:&quot;right&quot;,&quot;btnLeftDistance&quot;:30,&quot;btnRightDistance&quot;:30,&quot;btnBottomDistance&quot;:30,&quot;isShowBtnLabel&quot;:&quot;ON&quot;,&quot;isShowGDPR&quot;:&quot;OFF&quot;,&quot;gdprContent&quot;:&quot;Please accept our &lt;a href=\\&quot;https:\\\/\\\/ninjateam.org\\\/privacy-policy\\\/\\&quot;&gt;privacy policy&lt;\\\/a&gt; first to start a conversation.&quot;,&quot;widgetType&quot;:&quot;expandable&quot;},&quot;analytics&quot;:{&quot;enabledGoogle&quot;:&quot;OFF&quot;,&quot;enabledFacebook&quot;:&quot;OFF&quot;,&quot;enabledGoogleGA4&quot;:&quot;OFF&quot;}},&quot;gdprStatus&quot;:false,&quot;defaultAvatar&quot;:&quot;https:\\\/\\\/nonamepublicidad.com\\\/wp-content\\\/plugins\\\/whatsapp-for-wordpress\\\/assets\\\/img\\\/whatsapp_logo.svg&quot;}\"><\/div>\n<div class=\"nta_wa_button\" data-id=\"14212\" data-info=\"{&quot;name&quot;:&quot;Pachacutec Huaman Vendedor 2&quot;,&quot;info&quot;:{&quot;number&quot;:&quot;+51944238225&quot;,&quot;title&quot;:&quot;Pachacutec Huaman | Tienda&quot;,&quot;predefinedText&quot;:&quot;Hola Pachacutec Huaman. Me gustar\\u00eda m\\u00e1s informaci\\u00f3n de [njwa_page_title] Este es el link [njwa_page_url]&quot;,&quot;willBeBackText&quot;:&quot;I will be back in [njwa_time_work]&quot;,&quot;dayOffsText&quot;:&quot;I will be back soon&quot;,&quot;isAlwaysAvailable&quot;:&quot;ON&quot;,&quot;daysOfWeekWorking&quot;:{&quot;sunday&quot;:{&quot;isWorkingOnDay&quot;:&quot;OFF&quot;,&quot;workHours&quot;:[{&quot;startTime&quot;:&quot;08:00&quot;,&quot;endTime&quot;:&quot;17:30&quot;}]},&quot;monday&quot;:{&quot;isWorkingOnDay&quot;:&quot;OFF&quot;,&quot;workHours&quot;:[{&quot;startTime&quot;:&quot;08:00&quot;,&quot;endTime&quot;:&quot;17:30&quot;}]},&quot;tuesday&quot;:{&quot;isWorkingOnDay&quot;:&quot;OFF&quot;,&quot;workHours&quot;:[{&quot;startTime&quot;:&quot;08:00&quot;,&quot;endTime&quot;:&quot;17:30&quot;}]},&quot;wednesday&quot;:{&quot;isWorkingOnDay&quot;:&quot;OFF&quot;,&quot;workHours&quot;:[{&quot;startTime&quot;:&quot;08:00&quot;,&quot;endTime&quot;:&quot;17:30&quot;}]},&quot;thursday&quot;:{&quot;isWorkingOnDay&quot;:&quot;OFF&quot;,&quot;workHours&quot;:[{&quot;startTime&quot;:&quot;08:00&quot;,&quot;endTime&quot;:&quot;17:30&quot;}]},&quot;friday&quot;:{&quot;isWorkingOnDay&quot;:&quot;OFF&quot;,&quot;workHours&quot;:[{&quot;startTime&quot;:&quot;08:00&quot;,&quot;endTime&quot;:&quot;17:30&quot;}]},&quot;saturday&quot;:{&quot;isWorkingOnDay&quot;:&quot;OFF&quot;,&quot;workHours&quot;:[{&quot;startTime&quot;:&quot;08:00&quot;,&quot;endTime&quot;:&quot;17:30&quot;}]}}},&quot;styles&quot;:{&quot;type&quot;:&quot;round&quot;,&quot;backgroundColor&quot;:&quot;#2DB742&quot;,&quot;textColor&quot;:&quot;#fff&quot;,&quot;label&quot;:&quot;Necesitas ayuda? Hablemos&quot;,&quot;width&quot;:300,&quot;height&quot;:64},&quot;avatar&quot;:&quot;https:\\\/\\\/nonamepublicidad.com\\\/wp-content\\\/uploads\\\/2021\\\/12\\\/salamandra_tornasolada_escultura_de_hojalata.webp&quot;,&quot;options&quot;:{&quot;display&quot;:{&quot;displayCondition&quot;:&quot;showAllPage&quot;,&quot;includePages&quot;:[],&quot;excludePages&quot;:[],&quot;includePosts&quot;:[],&quot;showOnDesktop&quot;:&quot;ON&quot;,&quot;showOnMobile&quot;:&quot;ON&quot;,&quot;time_symbols&quot;:&quot;h:m&quot;},&quot;styles&quot;:{&quot;title&quot;:&quot;Start a Conversation&quot;,&quot;responseText&quot;:&quot;The team typically replies in a few minutes.&quot;,&quot;description&quot;:&quot;Hi! Click one of our member below to chat on &lt;strong&gt;WhatsApp&lt;\\\/strong&gt;&quot;,&quot;backgroundColor&quot;:&quot;#2db742&quot;,&quot;textColor&quot;:&quot;#fff&quot;,&quot;scrollHeight&quot;:500,&quot;isShowScroll&quot;:&quot;OFF&quot;,&quot;isShowResponseText&quot;:&quot;ON&quot;,&quot;isShowPoweredBy&quot;:&quot;ON&quot;,&quot;btnLabel&quot;:&quot;Need Help? &lt;strong&gt;Chat with us&lt;\\\/strong&gt;&quot;,&quot;btnLabelWidth&quot;:156,&quot;btnPosition&quot;:&quot;right&quot;,&quot;btnLeftDistance&quot;:30,&quot;btnRightDistance&quot;:30,&quot;btnBottomDistance&quot;:30,&quot;isShowBtnLabel&quot;:&quot;ON&quot;,&quot;isShowGDPR&quot;:&quot;OFF&quot;,&quot;gdprContent&quot;:&quot;Please accept our &lt;a href=\\&quot;https:\\\/\\\/ninjateam.org\\\/privacy-policy\\\/\\&quot;&gt;privacy policy&lt;\\\/a&gt; first to start a conversation.&quot;,&quot;widgetType&quot;:&quot;expandable&quot;},&quot;analytics&quot;:{&quot;enabledGoogle&quot;:&quot;OFF&quot;,&quot;enabledFacebook&quot;:&quot;OFF&quot;,&quot;enabledGoogleGA4&quot;:&quot;OFF&quot;}},&quot;gdprStatus&quot;:false,&quot;defaultAvatar&quot;:&quot;https:\\\/\\\/nonamepublicidad.com\\\/wp-content\\\/plugins\\\/whatsapp-for-wordpress\\\/assets\\\/img\\\/whatsapp_logo.svg&quot;}\"><\/div>\n<div style=\"visibility: hidden;\">galer\u00eda de arte, trabajos en hojalata, artes visuales, taller, artesan\u00eda cusque\u00f1a, artesan\u00eda peruana, escultura, esculturas de hojalata, esculturas de metal, escultura de hierro, arte cusque\u00f1o, artista cusque\u00f1o, para coleccionistas de arte, arte fusi\u00f3n, herrero, maestro herrero, taller de arte tradicional, artesan\u00eda tradicional, cusco, cuzco<\/div>\n","protected":false},"featured_media":9403,"comment_status":"open","ping_status":"closed","template":"","meta":[],"product_brand":[],"product_cat":[241,246],"product_tag":[1843,1846,1837,1838,1616,1850,1844,1851,1852,1839,1842,1840,1841,1835,1847,1848,1845,707,1849,1836],"class_list":{"0":"post-9401","1":"product","2":"type-product","3":"status-publish","4":"has-post-thumbnail","6":"product_cat-arte-y-antiguedades","7":"product_cat-esculturas","8":"product_tag-arte-cusqueno","9":"product_tag-arte-fusion","10":"product_tag-artes-visuales","11":"product_tag-artesania-cusquena","12":"product_tag-artesania-peruana","13":"product_tag-artesania-tradicional","14":"product_tag-artista-cusqueno","15":"product_tag-cusco","16":"product_tag-cuzco","17":"product_tag-escultura","18":"product_tag-escultura-de-hierro","19":"product_tag-esculturas-de-hojalata","20":"product_tag-esculturas-de-metal","21":"product_tag-galeria-de-arte","22":"product_tag-herrero","23":"product_tag-maestro-herrero","24":"product_tag-para-coleccionistas-de-arte","25":"product_tag-taller","26":"product_tag-taller-de-arte-tradicional","27":"product_tag-trabajos-en-hojalata","29":"first","30":"instock","31":"virtual","32":"taxable","33":"purchasable","34":"product-type-simple"},"_links":{"self":[{"href":"https:\/\/nonamepublicidad.com\/en\/wp-json\/wp\/v2\/product\/9401","targetHints":{"allow":["GET"]}}],"collection":[{"href":"https:\/\/nonamepublicidad.com\/en\/wp-json\/wp\/v2\/product"}],"about":[{"href":"https:\/\/nonamepublicidad.com\/en\/wp-json\/wp\/v2\/types\/product"}],"replies":[{"embeddable":true,"href":"https:\/\/nonamepublicidad.com\/en\/wp-json\/wp\/v2\/comments?post=9401"}],"version-history":[{"count":0,"href":"https:\/\/nonamepublicidad.com\/en\/wp-json\/wp\/v2\/product\/9401\/revisions"}],"wp:featuredmedia":[{"embeddable":true,"href":"https:\/\/nonamepublicidad.com\/en\/wp-json\/wp\/v2\/media\/9403"}],"wp:attachment":[{"href":"https:\/\/nonamepublicidad.com\/en\/wp-json\/wp\/v2\/media?parent=9401"}],"wp:term":[{"taxonomy":"product_brand","embeddable":true,"href":"https:\/\/nonamepublicidad.com\/en\/wp-json\/wp\/v2\/product_brand?post=9401"},{"taxonomy":"product_cat","embeddable":true,"href":"https:\/\/nonamepublicidad.com\/en\/wp-json\/wp\/v2\/product_cat?post=9401"},{"taxonomy":"product_tag","embeddable":true,"href":"https:\/\/nonamepublicidad.com\/en\/wp-json\/wp\/v2\/product_tag?post=9401"}],"curies":[{"name":"wp","href":"https:\/\/api.w.org\/{rel}","templated":true}]}}